{"id":4361,"date":"2019-04-03T15:18:39","date_gmt":"2019-04-03T15:18:39","guid":{"rendered":"http:\/\/www.escolatrac.com\/premi-tat-vila\/bases-del-premi-tat-vila\/"},"modified":"2026-03-10T14:28:28","modified_gmt":"2026-03-10T13:28:28","slug":"bases-premio-pintura-tat-vila-2019","status":"publish","type":"page","link":"https:\/\/www.escolatrac.com\/es\/premio-tat-vila\/bases-premio-pintura-tat-vila-2019\/","title":{"rendered":"PREMIO PINTURA TAT VIL\u00c0 2026"},"content":{"rendered":"\n<p><strong>BASES <\/strong>GENERALES DE PARTICIPACI\u00d3N<\/p>\n\n\n\n<p><strong>PARTICIPANTES: <\/strong>Podr\u00e1n participar todos los artistas mayores de 18 a\u00f1os.<\/p>\n\n\n\n<p><strong>TEMA:<\/strong> El tema es libre.<\/p>\n\n\n\n<p><strong>T\u00c9CNICA<\/strong> Se podr\u00e1 utilizar cualquiera de las t\u00e9cnicas y soportes en que se expresa el arte actual.<\/p>\n\n\n\n<p><strong>DIMENSIONES Y CARACTER\u00cdSTICAS T\u00c9CNICAS:<\/strong> La suma de la medida de los dos lados de la pintura no podr\u00e1 superar los 240 cm ni ser inferior a 140 cm. En caso de que la obra se presente enmarcada, el marco no podr\u00e1 superar el cent\u00edmetro de ancho. En ning\u00fan caso se aceptar\u00e1n obras enmarcadas con cristal.<\/p>\n\n\n\n<p><strong>ENV\u00cdO DE LAS OBRAS: <\/strong>Para el visionado y la posible selecci\u00f3n de las obras por el jurado, las personas participantes tendr\u00e1n que inscribirse en la p\u00e1gina web, del 1 al 30 de junio de 2026, donde tendr\u00e1n que rellenar un formulario de datos que consta de:<\/p>\n\n\n\n<ul class=\"wp-block-list\">\n<li>Ficha t\u00e9cnica de la obra.<\/li>\n\n\n\n<li>Breve memoria de esta.<\/li>\n\n\n\n<li>Curr\u00edculum del artista.<\/li>\n\n\n\n<li>Im\u00e1genes de la obra con una resoluci\u00f3n de 300 ppd., en formato TIFF o JPEG, y de una medida m\u00e1xima de 10 MB.<\/li>\n\n\n\n<li>Justificante transferencia: Taxa Inscripci\u00f3n 10\u20ac<\/li>\n<\/ul>\n\n\n\n<p><strong>La Tasa de Inscripici\u00f3n para la participaci\u00f3n es de 10\u20ac, a pagar por transferencia bancaria a la cuenta ES56 2100 0808 1102 0084 3302.<\/strong><br>En el concepto debe constar nombre y apellido.<br>No se considerar\u00e1n las inscripciones que no hayan hecho efectiva la transferencia en el momento de enviar el formulario.<\/p>\n\n\n\n<p>Para cualquier consulta sobre el proceso de inscripci\u00f3n hay que dirigirse a la cuenta de correo premipinturatatvila@escolatrac.com<\/p>\n\n\n\n<p><strong>SELECCI\u00d3N DE LAS OBRAS FINALISTAS:<\/strong> Entre las propuestas recibidas, el jurado efectuar\u00e1 una selecci\u00f3n que ser\u00e1 expuesta en la sala de Tra\u00e7 del 21 de septiembre\u00a0 al 9 de octubre de 2026, y entre estas se elegir\u00e1 la obra premiada.<\/p>\n\n\n\n<p><strong>ENTREGA DE LAS OBRAS Y TRANSPORTE: <\/strong>Tra\u00e7 se pondr\u00e1 en contacto con las personas finalistas a trav\u00e9s de un correo electr\u00f3nico durante el mes de julio. Las obras han de presentarse:<\/p>\n\n\n\n<p><em>Direcci\u00f3n:<\/em> Tra\u00e7. Centre d\u2019Expressi\u00f3 Pl\u00e0stica, c\/ Paletes, 3, Barcelona.&nbsp;<\/p>\n\n\n\n<p><em>Fecha entrega:<\/em> entre el 14 y el 18 de septiembre de 2026.\u00a0<\/p>\n\n\n\n<p><em>Horario recepci\u00f3n:<\/em>de lunes a viernes de 9 h a 13 h y 16 h a 20 h.&nbsp;<\/p>\n\n\n\n<p>Es condici\u00f3n indispensable que las obras sean originales y no hayan sido presentadas a ning\u00fan otro concurso anteriormente. Tra\u00e7 no se hace responsable de los gastos del transporte, ni del env\u00edo ni de la devoluci\u00f3n, que ir\u00e1n siempre a cargo del artista. Tampoco se hace responsable de los desperfectos que se puedan ocasionar en el traslado de las obras. Tra\u00e7 velar\u00e1 por la buena conservaci\u00f3n de las obras presentadas, aunque no se hace responsable de ning\u00fan desperfecto que se pueda producir.<\/p>\n\n\n\n<p><strong>DERECHOS Y OBLIGACIONES:<\/strong> Las obras finalistas que no resulten premiadas o que no sean adquiridas deber\u00e1n ser recogidas de Tra\u00e7 entre los d\u00edas 13 y 31 de octubre de 2026, de lunes a viernes de 9 h a 13 h y de 16 h a 20 h.<\/p>\n\n\n\n<p>Las obras que no se hayan recogido una vez pasadas estas fechas quedar\u00e1n a libre disposici\u00f3n de Tra\u00e7, lo que no significa que pasen a formar parte de su fondo. No se admitir\u00e1n las obras que incumplan las condiciones o que no se presenten en el per\u00edodo establecido. La participaci\u00f3n en los premios supone la aceptaci\u00f3n de estas bases y la conformidad con la decisi\u00f3n de los miembros del jurado.<\/p>\n\n\n\n<p><strong>PREMIOS: <\/strong>La obra premiada est\u00e1 dotada con 2.000 \u20ac y pasar\u00e1 a ser propiedad de Tra\u00e7. Formar\u00e1 parte de su fondo para ser expuesta en cualquiera de los espacios de la escuela. La persona ganadora del premio de pintura Tat Vil\u00e0 realizar\u00e1 una exposici\u00f3n en el Centre Pere Pruna en el plazo m\u00e1ximo de un a\u00f1o desde la fecha de entrega del premio.&nbsp;<\/p>\n\n\n\n<p>En cualquier momento el jurado podr\u00e1 declarar el premio desierto. El importe del premio est\u00e1 sujeto a la retenci\u00f3n impositiva que establece la legislaci\u00f3n vigente. La persona ganadora cede al Tra\u00e7 los derechos de imagen, comunicaci\u00f3n, publicaci\u00f3n y reproducci\u00f3n de la obra premiada en cualquier medio o soporte. El s\u00e1bado <strong>3 de octubre del 2026<\/strong>, en la inauguraci\u00f3n de la exposici\u00f3n se entregar\u00e1 el premio.<\/p>\n\n\n\n<p><strong>JURADO:<\/strong> \/ MERC\u00c8 FIGUERAS, Fundadora de Tra\u00e7 Centre d\u2019Expressi\u00f3 Pl\u00e0stica\/ GEMMA MORAT\u00d3, Directora de Tra\u00e7 Centre d\u2019Expressi\u00f3 Pl\u00e0stica \/ GEMMA MORAT\u00d3 , Directora de Tra\u00e7 Centre d\u2019Expressi\u00f3 Pl\u00e0stica \u00a0 \/ MIQUEL PLANAS, Artista y Catedr\u00e1tico de Escultura de la Facultad de Bellas Artes de Barcelona \/ MAR\u00c7 RABAL, Artista y ganadora del Primer premio Tat Vil\u00e0 2018 \/ M\u00d2NICA RAMON, Galerista y Presidenta de Gremio de Galer\u00edas de Arte de Catalu\u00f1a.<\/p>\n\n\n<style>.wp-block-kadence-spacer.kt-block-spacer-4361_4cec28-86 .kt-block-spacer{height:120px;}.wp-block-kadence-spacer.kt-block-spacer-4361_4cec28-86 .kt-divider{border-top-width:1px;height:1px;border-top-color:#eee;width:80%;border-top-style:solid;}<\/style>\n<div class=\"wp-block-kadence-spacer aligncenter kt-block-spacer-4361_4cec28-86\"><div class=\"kt-block-spacer kt-block-spacer-halign-center\"><hr class=\"kt-divider\"\/><\/div><\/div>\n","protected":false},"excerpt":{"rendered":"<p>BASES GENERALES DE PARTICIPACI\u00d3N PARTICIPANTES: Podr\u00e1n participar todos los artistas mayores de 18 a\u00f1os. TEMA: El tema es libre. T\u00c9CNICA Se podr\u00e1 utilizar cualquiera de las t\u00e9cnicas y soportes en que se expresa el arte actual. DIMENSIONES Y CARACTER\u00cdSTICAS T\u00c9CNICAS: La suma de la medida de los dos lados de la pintura no podr\u00e1 superar &hellip; <a href=\"https:\/\/www.escolatrac.com\/es\/premio-tat-vila\/bases-premio-pintura-tat-vila-2019\/\">Continued<\/a><\/p>\n","protected":false},"author":2,"featured_media":4882,"parent":8446,"menu_order":0,"comment_status":"closed","ping_status":"closed","template":"views\/small-container.blade.php","meta":{"_acf_changed":false,"footnotes":""},"class_list":["post-4361","page","type-page","status-publish","has-post-thumbnail","hentry"],"acf":[],"yoast_head":"<!-- This site is optimized with the Yoast SEO plugin v27.3 - https:\/\/yoast.com\/product\/yoast-seo-wordpress\/ -->\n<title>PREMIO PINTURA TAT VIL\u00c0 2026 - Escola Tra\u00e7<\/title>\n<meta name=\"robots\" content=\"index, follow, max-snippet:-1, max-image-preview:large, max-video-preview:-1\" \/>\n<link rel=\"canonical\" href=\"https:\/\/www.escolatrac.com\/es\/premio-tat-vila\/bases-premio-pintura-tat-vila-2019\/\" \/>\n<meta property=\"og:locale\" content=\"es_ES\" \/>\n<meta property=\"og:type\" content=\"article\" \/>\n<meta property=\"og:title\" content=\"PREMIO PINTURA TAT VIL\u00c0 2026 - Escola Tra\u00e7\" \/>\n<meta property=\"og:description\" content=\"BASES GENERALES DE PARTICIPACI\u00d3N PARTICIPANTES: Podr\u00e1n participar todos los artistas mayores de 18 a\u00f1os. TEMA: El tema es libre. T\u00c9CNICA Se podr\u00e1 utilizar cualquiera de las t\u00e9cnicas y soportes en que se expresa el arte actual. DIMENSIONES Y CARACTER\u00cdSTICAS T\u00c9CNICAS: La suma de la medida de los dos lados de la pintura no podr\u00e1 superar &hellip; Continued\" \/>\n<meta property=\"og:url\" content=\"https:\/\/www.escolatrac.com\/es\/premio-tat-vila\/bases-premio-pintura-tat-vila-2019\/\" \/>\n<meta property=\"og:site_name\" content=\"Escola Tra\u00e7\" \/>\n<meta property=\"article:modified_time\" content=\"2026-03-10T13:28:28+00:00\" \/>\n<meta property=\"og:image\" content=\"https:\/\/www.escolatrac.com\/wp-content\/uploads\/2019\/04\/Tat-cap\u00e7alera.jpeg\" \/>\n\t<meta property=\"og:image:width\" content=\"1600\" \/>\n\t<meta property=\"og:image:height\" content=\"1005\" \/>\n\t<meta property=\"og:image:type\" content=\"image\/jpeg\" \/>\n<meta name=\"twitter:card\" content=\"summary_large_image\" \/>\n<meta name=\"twitter:label1\" content=\"Tiempo de lectura\" \/>\n\t<meta name=\"twitter:data1\" content=\"5 minutos\" \/>\n<script type=\"application\/ld+json\" class=\"yoast-schema-graph\">{\"@context\":\"https:\\\/\\\/schema.org\",\"@graph\":[{\"@type\":\"WebPage\",\"@id\":\"https:\\\/\\\/www.escolatrac.com\\\/es\\\/premio-tat-vila\\\/bases-premio-pintura-tat-vila-2019\\\/\",\"url\":\"https:\\\/\\\/www.escolatrac.com\\\/es\\\/premio-tat-vila\\\/bases-premio-pintura-tat-vila-2019\\\/\",\"name\":\"PREMIO PINTURA TAT VIL\u00c0 2026 - Escola Tra\u00e7\",\"isPartOf\":{\"@id\":\"https:\\\/\\\/www.escolatrac.com\\\/#website\"},\"primaryImageOfPage\":{\"@id\":\"https:\\\/\\\/www.escolatrac.com\\\/es\\\/premio-tat-vila\\\/bases-premio-pintura-tat-vila-2019\\\/#primaryimage\"},\"image\":{\"@id\":\"https:\\\/\\\/www.escolatrac.com\\\/es\\\/premio-tat-vila\\\/bases-premio-pintura-tat-vila-2019\\\/#primaryimage\"},\"thumbnailUrl\":\"https:\\\/\\\/www.escolatrac.com\\\/wp-content\\\/uploads\\\/2019\\\/04\\\/Tat-cap\u00e7alera.jpeg\",\"datePublished\":\"2019-04-03T15:18:39+00:00\",\"dateModified\":\"2026-03-10T13:28:28+00:00\",\"breadcrumb\":{\"@id\":\"https:\\\/\\\/www.escolatrac.com\\\/es\\\/premio-tat-vila\\\/bases-premio-pintura-tat-vila-2019\\\/#breadcrumb\"},\"inLanguage\":\"es\",\"potentialAction\":[{\"@type\":\"ReadAction\",\"target\":[\"https:\\\/\\\/www.escolatrac.com\\\/es\\\/premio-tat-vila\\\/bases-premio-pintura-tat-vila-2019\\\/\"]}]},{\"@type\":\"ImageObject\",\"inLanguage\":\"es\",\"@id\":\"https:\\\/\\\/www.escolatrac.com\\\/es\\\/premio-tat-vila\\\/bases-premio-pintura-tat-vila-2019\\\/#primaryimage\",\"url\":\"https:\\\/\\\/www.escolatrac.com\\\/wp-content\\\/uploads\\\/2019\\\/04\\\/Tat-cap\u00e7alera.jpeg\",\"contentUrl\":\"https:\\\/\\\/www.escolatrac.com\\\/wp-content\\\/uploads\\\/2019\\\/04\\\/Tat-cap\u00e7alera.jpeg\",\"width\":1600,\"height\":1005},{\"@type\":\"BreadcrumbList\",\"@id\":\"https:\\\/\\\/www.escolatrac.com\\\/es\\\/premio-tat-vila\\\/bases-premio-pintura-tat-vila-2019\\\/#breadcrumb\",\"itemListElement\":[{\"@type\":\"ListItem\",\"position\":1,\"name\":\"Inici\",\"item\":\"https:\\\/\\\/www.escolatrac.com\\\/es\\\/\"},{\"@type\":\"ListItem\",\"position\":2,\"name\":\"Premio Tat Vil\u00e0\",\"item\":\"https:\\\/\\\/www.escolatrac.com\\\/es\\\/premio-tat-vila\\\/\"},{\"@type\":\"ListItem\",\"position\":3,\"name\":\"PREMIO PINTURA TAT VIL\u00c0 2026\"}]},{\"@type\":\"WebSite\",\"@id\":\"https:\\\/\\\/www.escolatrac.com\\\/#website\",\"url\":\"https:\\\/\\\/www.escolatrac.com\\\/\",\"name\":\"Escola Tra\u00e7\",\"description\":\"\",\"potentialAction\":[{\"@type\":\"SearchAction\",\"target\":{\"@type\":\"EntryPoint\",\"urlTemplate\":\"https:\\\/\\\/www.escolatrac.com\\\/?s={search_term_string}\"},\"query-input\":{\"@type\":\"PropertyValueSpecification\",\"valueRequired\":true,\"valueName\":\"search_term_string\"}}],\"inLanguage\":\"es\"}]}<\/script>\n<!-- \/ Yoast SEO plugin. -->","yoast_head_json":{"title":"PREMIO PINTURA TAT VIL\u00c0 2026 - Escola Tra\u00e7","robots":{"index":"index","follow":"follow","max-snippet":"max-snippet:-1","max-image-preview":"max-image-preview:large","max-video-preview":"max-video-preview:-1"},"canonical":"https:\/\/www.escolatrac.com\/es\/premio-tat-vila\/bases-premio-pintura-tat-vila-2019\/","og_locale":"es_ES","og_type":"article","og_title":"PREMIO PINTURA TAT VIL\u00c0 2026 - Escola Tra\u00e7","og_description":"BASES GENERALES DE PARTICIPACI\u00d3N PARTICIPANTES: Podr\u00e1n participar todos los artistas mayores de 18 a\u00f1os. TEMA: El tema es libre. T\u00c9CNICA Se podr\u00e1 utilizar cualquiera de las t\u00e9cnicas y soportes en que se expresa el arte actual. DIMENSIONES Y CARACTER\u00cdSTICAS T\u00c9CNICAS: La suma de la medida de los dos lados de la pintura no podr\u00e1 superar &hellip; Continued","og_url":"https:\/\/www.escolatrac.com\/es\/premio-tat-vila\/bases-premio-pintura-tat-vila-2019\/","og_site_name":"Escola Tra\u00e7","article_modified_time":"2026-03-10T13:28:28+00:00","og_image":[{"width":1600,"height":1005,"url":"https:\/\/www.escolatrac.com\/wp-content\/uploads\/2019\/04\/Tat-cap\u00e7alera.jpeg","type":"image\/jpeg"}],"twitter_card":"summary_large_image","twitter_misc":{"Tiempo de lectura":"5 minutos"},"schema":{"@context":"https:\/\/schema.org","@graph":[{"@type":"WebPage","@id":"https:\/\/www.escolatrac.com\/es\/premio-tat-vila\/bases-premio-pintura-tat-vila-2019\/","url":"https:\/\/www.escolatrac.com\/es\/premio-tat-vila\/bases-premio-pintura-tat-vila-2019\/","name":"PREMIO PINTURA TAT VIL\u00c0 2026 - Escola Tra\u00e7","isPartOf":{"@id":"https:\/\/www.escolatrac.com\/#website"},"primaryImageOfPage":{"@id":"https:\/\/www.escolatrac.com\/es\/premio-tat-vila\/bases-premio-pintura-tat-vila-2019\/#primaryimage"},"image":{"@id":"https:\/\/www.escolatrac.com\/es\/premio-tat-vila\/bases-premio-pintura-tat-vila-2019\/#primaryimage"},"thumbnailUrl":"https:\/\/www.escolatrac.com\/wp-content\/uploads\/2019\/04\/Tat-cap\u00e7alera.jpeg","datePublished":"2019-04-03T15:18:39+00:00","dateModified":"2026-03-10T13:28:28+00:00","breadcrumb":{"@id":"https:\/\/www.escolatrac.com\/es\/premio-tat-vila\/bases-premio-pintura-tat-vila-2019\/#breadcrumb"},"inLanguage":"es","potentialAction":[{"@type":"ReadAction","target":["https:\/\/www.escolatrac.com\/es\/premio-tat-vila\/bases-premio-pintura-tat-vila-2019\/"]}]},{"@type":"ImageObject","inLanguage":"es","@id":"https:\/\/www.escolatrac.com\/es\/premio-tat-vila\/bases-premio-pintura-tat-vila-2019\/#primaryimage","url":"https:\/\/www.escolatrac.com\/wp-content\/uploads\/2019\/04\/Tat-cap\u00e7alera.jpeg","contentUrl":"https:\/\/www.escolatrac.com\/wp-content\/uploads\/2019\/04\/Tat-cap\u00e7alera.jpeg","width":1600,"height":1005},{"@type":"BreadcrumbList","@id":"https:\/\/www.escolatrac.com\/es\/premio-tat-vila\/bases-premio-pintura-tat-vila-2019\/#breadcrumb","itemListElement":[{"@type":"ListItem","position":1,"name":"Inici","item":"https:\/\/www.escolatrac.com\/es\/"},{"@type":"ListItem","position":2,"name":"Premio Tat Vil\u00e0","item":"https:\/\/www.escolatrac.com\/es\/premio-tat-vila\/"},{"@type":"ListItem","position":3,"name":"PREMIO PINTURA TAT VIL\u00c0 2026"}]},{"@type":"WebSite","@id":"https:\/\/www.escolatrac.com\/#website","url":"https:\/\/www.escolatrac.com\/","name":"Escola Tra\u00e7","description":"","potentialAction":[{"@type":"SearchAction","target":{"@type":"EntryPoint","urlTemplate":"https:\/\/www.escolatrac.com\/?s={search_term_string}"},"query-input":{"@type":"PropertyValueSpecification","valueRequired":true,"valueName":"search_term_string"}}],"inLanguage":"es"}]}},"_links":{"self":[{"href":"https:\/\/www.escolatrac.com\/es\/wp-json\/wp\/v2\/pages\/4361","targetHints":{"allow":["GET"]}}],"collection":[{"href":"https:\/\/www.escolatrac.com\/es\/wp-json\/wp\/v2\/pages"}],"about":[{"href":"https:\/\/www.escolatrac.com\/es\/wp-json\/wp\/v2\/types\/page"}],"author":[{"embeddable":true,"href":"https:\/\/www.escolatrac.com\/es\/wp-json\/wp\/v2\/users\/2"}],"replies":[{"embeddable":true,"href":"https:\/\/www.escolatrac.com\/es\/wp-json\/wp\/v2\/comments?post=4361"}],"version-history":[{"count":14,"href":"https:\/\/www.escolatrac.com\/es\/wp-json\/wp\/v2\/pages\/4361\/revisions"}],"predecessor-version":[{"id":39108,"href":"https:\/\/www.escolatrac.com\/es\/wp-json\/wp\/v2\/pages\/4361\/revisions\/39108"}],"up":[{"embeddable":true,"href":"https:\/\/www.escolatrac.com\/es\/wp-json\/wp\/v2\/pages\/8446"}],"wp:featuredmedia":[{"embeddable":true,"href":"https:\/\/www.escolatrac.com\/es\/wp-json\/wp\/v2\/media\/4882"}],"wp:attachment":[{"href":"https:\/\/www.escolatrac.com\/es\/wp-json\/wp\/v2\/media?parent=4361"}],"curies":[{"name":"wp","href":"https:\/\/api.w.org\/{rel}","templated":true}]}}