{"id":4342,"date":"2018-12-11T16:56:19","date_gmt":"2018-12-11T16:56:19","guid":{"rendered":"http:\/\/www.escolatrac.com\/matricula-i-condicions-generals\/"},"modified":"2024-08-28T13:47:55","modified_gmt":"2024-08-28T11:47:55","slug":"matricula-y-condiciones-generales","status":"publish","type":"page","link":"https:\/\/www.escolatrac.com\/es\/matricula-y-condiciones-generales\/","title":{"rendered":"MATR\u00cdCULA Y CONDICIONES GENERALES"},"content":{"rendered":"\n<div class=\"wp-block-columns has-2-columns is-layout-flex wp-container-core-columns-is-layout-9d6595d7 wp-block-columns-is-layout-flex\" style=\"align-items: top\">\n<div class=\"wp-block-column is-layout-flow wp-block-column-is-layout-flow\">\n<p>Las inscripciones para el curso 2024-2025 ya estan abiertas. Os pod\u00e9is matricular durante todo el curso.<\/p>\n\n\n\n<p>La matr\u00edcula anual es de 50 \u20ac por persona. Los <strong>cursos<\/strong> se iniciar\u00e1n el <strong>lunes 9 de septiembre<\/strong>. Se puede escoger el n\u00famero de turnos y los horarios que convengan. El pago de los <strong>cursos<\/strong> se realizar\u00e1 mensualmente por domiciliaci\u00f3n bancaria. En ning\u00fan caso se empezar\u00e1 un curso sin haber realizado el pago de la totalidad del importe correspondiente.<\/p>\n\n\n\n<p> Las clases perdidas no se pueden recuperar.<\/p>\n\n\n\n<p>Todos los alumnos tendr\u00e1n que traer su bata.<\/p>\n\n\n\n<p> Se aplicar\u00e1 un 10% de descuento en caso de inscribirse a m\u00e1s de un taller semanal. Si se hacen m\u00e1s de dos talleres se aplicar\u00e1 un 20% de descuento. Los alumnos entre 18 y 25 a\u00f1os podr\u00e1n disfrutar de un descuento del 20% sobre el precio global en determinados cursos.<\/p>\n\n\n\n<p>En el caso de los adultos, si se deja de asistir alg\u00fan mes, hay que pagar una cuota de 20 \u20ac para mantener la plaza o matricularse de nuevo cuando el alumno se vuelva a incorporar.<\/p>\n\n\n\n<p>Para darse de baja hay que avisar con 15 d\u00edas de antelaci\u00f3n. Una vez completado el curso, no se reembolsar\u00e1 ning\u00fan importe.<\/p>\n\n\n\n<p><strong>Informaci\u00f3n general Casal y pol\u00edtica de cancelaci\u00f3n de los Intensivos ( Navidad, Casal Primavera, Casal Verano)<\/strong><br>Cada alumno\/a tiene que llevar su bata  (esta no se podr\u00e1 dejar en la escuela) y los viernes una bolsa grande para llevar los trabajos acabados.<br>Hay que llevar el almuerzo y agua. ( en caso de casal de tardes, merienda)<br>Las bajas se tienen que avisar con 15 d\u00edas de antelaci\u00f3n. En este caso se devolver\u00e1 el 50% del pago efectuado.<br>En menos de 15 de antelaci\u00f3n no habr\u00e1 devoluci\u00f3n del pago efectuado.<\/p>\n\n\n\n<p><br><\/p>\n<\/div>\n\n\n\n<div class=\"wp-block-column is-layout-flow wp-block-column-is-layout-flow\">\n  <div class=\"uk-visible-toggle uk-position-relative\" uk-slider=\"finite: true; center: true; animation: push; ratio: 16:9;\">\n    <div class=\"uk-position-relative uk-visible-toggle\" tabindex=\"-1\">\n      <ul class=\"uk-slider-items\">\n                      <li class=\"uk-width-1-1\">\n                              <img decoding=\"async\" width=\"1024\" height=\"498\" src=\"https:\/\/www.escolatrac.com\/wp-content\/uploads\/2019\/03\/Escuela-arte-Barcelona-1.jpg\" class=\"attachment-large size-large lazyload\" alt=\"\" data-size=\"auto\" data-src=\"https:\/\/www.escolatrac.com\/wp-content\/uploads\/2019\/03\/Escuela-arte-Barcelona-1.jpg\" \/>              \n              <div class=\"uk-flex-inline uk-flex-between uk-width-1-1\">\n                <h4 class=\"uk-h5 uk-margin-remove uk-text-muted\"><\/h4>\n                <h4 class=\"uk-h5 uk-margin-remove uk-text-muted\"><\/h4>\n              <\/div>\n            <\/li>\n                <\/ul>\n\n      <a class=\"c-slidenav uk-position-center-left uk-position-small uk-padding-small\" href=\"#\" uk-slidenav-previous uk-slider-item=\"previous\"><\/a>\n      <a class=\"c-slidenav uk-position-center-right uk-position-small uk-padding-small\" href=\"#\" uk-slidenav-next uk-slider-item=\"next\"><\/a>\n    <\/div>\n\n    <ul class=\"uk-slider-nav uk-position-bottom uk-light uk-dotnav uk-flex-center uk-margin uk-margin-large-bottom\"><\/ul>\n  <\/div>\n\n\n\n<h2 class=\"wp-block-heading\">An\u00edmate a probar los cursos de Tra\u00e7 en sus instalaciones.<\/h2>\n<\/div>\n<\/div>\n\n\n\n<div style=\"height:100px\" aria-hidden=\"true\" class=\"wp-block-spacer\"><\/div>\n","protected":false},"excerpt":{"rendered":"<p>Las inscripciones para el curso 2024-2025 ya estan abiertas. Os pod\u00e9is matricular durante todo el curso. La matr\u00edcula anual es de 50 \u20ac por persona. Los cursos se iniciar\u00e1n el lunes 9 de septiembre. Se puede escoger el n\u00famero de turnos y los horarios que convengan. El pago de los cursos se realizar\u00e1 mensualmente por &hellip; <a href=\"https:\/\/www.escolatrac.com\/es\/matricula-y-condiciones-generales\/\">Continued<\/a><\/p>\n","protected":false},"author":2,"featured_media":2833,"parent":0,"menu_order":0,"comment_status":"closed","ping_status":"closed","template":"views\/small-container.blade.php","meta":{"_acf_changed":false,"footnotes":""},"class_list":["post-4342","page","type-page","status-publish","has-post-thumbnail","hentry"],"acf":[],"yoast_head":"<!-- This site is optimized with the Yoast SEO plugin v27.3 - https:\/\/yoast.com\/product\/yoast-seo-wordpress\/ -->\n<title>MATR\u00cdCULA Y CONDICIONES GENERALES - Escola Tra\u00e7<\/title>\n<meta name=\"robots\" content=\"index, follow, max-snippet:-1, max-image-preview:large, max-video-preview:-1\" \/>\n<link rel=\"canonical\" href=\"https:\/\/www.escolatrac.com\/es\/matricula-y-condiciones-generales\/\" \/>\n<meta property=\"og:locale\" content=\"es_ES\" \/>\n<meta property=\"og:type\" content=\"article\" \/>\n<meta property=\"og:title\" content=\"MATR\u00cdCULA Y CONDICIONES GENERALES - Escola Tra\u00e7\" \/>\n<meta property=\"og:description\" content=\"Las inscripciones para el curso 2024-2025 ya estan abiertas. Os pod\u00e9is matricular durante todo el curso. La matr\u00edcula anual es de 50 \u20ac por persona. Los cursos se iniciar\u00e1n el lunes 9 de septiembre. Se puede escoger el n\u00famero de turnos y los horarios que convengan. El pago de los cursos se realizar\u00e1 mensualmente por &hellip; Continued\" \/>\n<meta property=\"og:url\" content=\"https:\/\/www.escolatrac.com\/es\/matricula-y-condiciones-generales\/\" \/>\n<meta property=\"og:site_name\" content=\"Escola Tra\u00e7\" \/>\n<meta property=\"article:modified_time\" content=\"2024-08-28T11:47:55+00:00\" \/>\n<meta property=\"og:image\" content=\"https:\/\/www.escolatrac.com\/wp-content\/uploads\/2019\/01\/IMG_6084-1024x576.jpg\" \/>\n\t<meta property=\"og:image:width\" content=\"1024\" \/>\n\t<meta property=\"og:image:height\" content=\"576\" \/>\n\t<meta property=\"og:image:type\" content=\"image\/jpeg\" \/>\n<meta name=\"twitter:card\" content=\"summary_large_image\" \/>\n<meta name=\"twitter:label1\" content=\"Tiempo de lectura\" \/>\n\t<meta name=\"twitter:data1\" content=\"2 minutos\" \/>\n<script type=\"application\/ld+json\" class=\"yoast-schema-graph\">{\"@context\":\"https:\\\/\\\/schema.org\",\"@graph\":[{\"@type\":\"WebPage\",\"@id\":\"https:\\\/\\\/www.escolatrac.com\\\/es\\\/matricula-y-condiciones-generales\\\/\",\"url\":\"https:\\\/\\\/www.escolatrac.com\\\/es\\\/matricula-y-condiciones-generales\\\/\",\"name\":\"MATR\u00cdCULA Y CONDICIONES GENERALES - Escola Tra\u00e7\",\"isPartOf\":{\"@id\":\"https:\\\/\\\/www.escolatrac.com\\\/#website\"},\"primaryImageOfPage\":{\"@id\":\"https:\\\/\\\/www.escolatrac.com\\\/es\\\/matricula-y-condiciones-generales\\\/#primaryimage\"},\"image\":{\"@id\":\"https:\\\/\\\/www.escolatrac.com\\\/es\\\/matricula-y-condiciones-generales\\\/#primaryimage\"},\"thumbnailUrl\":\"https:\\\/\\\/www.escolatrac.com\\\/wp-content\\\/uploads\\\/2019\\\/01\\\/IMG_6084.jpg\",\"datePublished\":\"2018-12-11T16:56:19+00:00\",\"dateModified\":\"2024-08-28T11:47:55+00:00\",\"breadcrumb\":{\"@id\":\"https:\\\/\\\/www.escolatrac.com\\\/es\\\/matricula-y-condiciones-generales\\\/#breadcrumb\"},\"inLanguage\":\"es\",\"potentialAction\":[{\"@type\":\"ReadAction\",\"target\":[\"https:\\\/\\\/www.escolatrac.com\\\/es\\\/matricula-y-condiciones-generales\\\/\"]}]},{\"@type\":\"ImageObject\",\"inLanguage\":\"es\",\"@id\":\"https:\\\/\\\/www.escolatrac.com\\\/es\\\/matricula-y-condiciones-generales\\\/#primaryimage\",\"url\":\"https:\\\/\\\/www.escolatrac.com\\\/wp-content\\\/uploads\\\/2019\\\/01\\\/IMG_6084.jpg\",\"contentUrl\":\"https:\\\/\\\/www.escolatrac.com\\\/wp-content\\\/uploads\\\/2019\\\/01\\\/IMG_6084.jpg\",\"width\":4032,\"height\":3024},{\"@type\":\"BreadcrumbList\",\"@id\":\"https:\\\/\\\/www.escolatrac.com\\\/es\\\/matricula-y-condiciones-generales\\\/#breadcrumb\",\"itemListElement\":[{\"@type\":\"ListItem\",\"position\":1,\"name\":\"Inici\",\"item\":\"https:\\\/\\\/www.escolatrac.com\\\/es\\\/\"},{\"@type\":\"ListItem\",\"position\":2,\"name\":\"MATR\u00cdCULA Y CONDICIONES GENERALES\"}]},{\"@type\":\"WebSite\",\"@id\":\"https:\\\/\\\/www.escolatrac.com\\\/#website\",\"url\":\"https:\\\/\\\/www.escolatrac.com\\\/\",\"name\":\"Escola Tra\u00e7\",\"description\":\"\",\"potentialAction\":[{\"@type\":\"SearchAction\",\"target\":{\"@type\":\"EntryPoint\",\"urlTemplate\":\"https:\\\/\\\/www.escolatrac.com\\\/?s={search_term_string}\"},\"query-input\":{\"@type\":\"PropertyValueSpecification\",\"valueRequired\":true,\"valueName\":\"search_term_string\"}}],\"inLanguage\":\"es\"}]}<\/script>\n<!-- \/ Yoast SEO plugin. -->","yoast_head_json":{"title":"MATR\u00cdCULA Y CONDICIONES GENERALES - Escola Tra\u00e7","robots":{"index":"index","follow":"follow","max-snippet":"max-snippet:-1","max-image-preview":"max-image-preview:large","max-video-preview":"max-video-preview:-1"},"canonical":"https:\/\/www.escolatrac.com\/es\/matricula-y-condiciones-generales\/","og_locale":"es_ES","og_type":"article","og_title":"MATR\u00cdCULA Y CONDICIONES GENERALES - Escola Tra\u00e7","og_description":"Las inscripciones para el curso 2024-2025 ya estan abiertas. Os pod\u00e9is matricular durante todo el curso. La matr\u00edcula anual es de 50 \u20ac por persona. Los cursos se iniciar\u00e1n el lunes 9 de septiembre. Se puede escoger el n\u00famero de turnos y los horarios que convengan. El pago de los cursos se realizar\u00e1 mensualmente por &hellip; Continued","og_url":"https:\/\/www.escolatrac.com\/es\/matricula-y-condiciones-generales\/","og_site_name":"Escola Tra\u00e7","article_modified_time":"2024-08-28T11:47:55+00:00","og_image":[{"width":1024,"height":576,"url":"https:\/\/www.escolatrac.com\/wp-content\/uploads\/2019\/01\/IMG_6084-1024x576.jpg","type":"image\/jpeg"}],"twitter_card":"summary_large_image","twitter_misc":{"Tiempo de lectura":"2 minutos"},"schema":{"@context":"https:\/\/schema.org","@graph":[{"@type":"WebPage","@id":"https:\/\/www.escolatrac.com\/es\/matricula-y-condiciones-generales\/","url":"https:\/\/www.escolatrac.com\/es\/matricula-y-condiciones-generales\/","name":"MATR\u00cdCULA Y CONDICIONES GENERALES - Escola Tra\u00e7","isPartOf":{"@id":"https:\/\/www.escolatrac.com\/#website"},"primaryImageOfPage":{"@id":"https:\/\/www.escolatrac.com\/es\/matricula-y-condiciones-generales\/#primaryimage"},"image":{"@id":"https:\/\/www.escolatrac.com\/es\/matricula-y-condiciones-generales\/#primaryimage"},"thumbnailUrl":"https:\/\/www.escolatrac.com\/wp-content\/uploads\/2019\/01\/IMG_6084.jpg","datePublished":"2018-12-11T16:56:19+00:00","dateModified":"2024-08-28T11:47:55+00:00","breadcrumb":{"@id":"https:\/\/www.escolatrac.com\/es\/matricula-y-condiciones-generales\/#breadcrumb"},"inLanguage":"es","potentialAction":[{"@type":"ReadAction","target":["https:\/\/www.escolatrac.com\/es\/matricula-y-condiciones-generales\/"]}]},{"@type":"ImageObject","inLanguage":"es","@id":"https:\/\/www.escolatrac.com\/es\/matricula-y-condiciones-generales\/#primaryimage","url":"https:\/\/www.escolatrac.com\/wp-content\/uploads\/2019\/01\/IMG_6084.jpg","contentUrl":"https:\/\/www.escolatrac.com\/wp-content\/uploads\/2019\/01\/IMG_6084.jpg","width":4032,"height":3024},{"@type":"BreadcrumbList","@id":"https:\/\/www.escolatrac.com\/es\/matricula-y-condiciones-generales\/#breadcrumb","itemListElement":[{"@type":"ListItem","position":1,"name":"Inici","item":"https:\/\/www.escolatrac.com\/es\/"},{"@type":"ListItem","position":2,"name":"MATR\u00cdCULA Y CONDICIONES GENERALES"}]},{"@type":"WebSite","@id":"https:\/\/www.escolatrac.com\/#website","url":"https:\/\/www.escolatrac.com\/","name":"Escola Tra\u00e7","description":"","potentialAction":[{"@type":"SearchAction","target":{"@type":"EntryPoint","urlTemplate":"https:\/\/www.escolatrac.com\/?s={search_term_string}"},"query-input":{"@type":"PropertyValueSpecification","valueRequired":true,"valueName":"search_term_string"}}],"inLanguage":"es"}]}},"_links":{"self":[{"href":"https:\/\/www.escolatrac.com\/es\/wp-json\/wp\/v2\/pages\/4342","targetHints":{"allow":["GET"]}}],"collection":[{"href":"https:\/\/www.escolatrac.com\/es\/wp-json\/wp\/v2\/pages"}],"about":[{"href":"https:\/\/www.escolatrac.com\/es\/wp-json\/wp\/v2\/types\/page"}],"author":[{"embeddable":true,"href":"https:\/\/www.escolatrac.com\/es\/wp-json\/wp\/v2\/users\/2"}],"replies":[{"embeddable":true,"href":"https:\/\/www.escolatrac.com\/es\/wp-json\/wp\/v2\/comments?post=4342"}],"version-history":[{"count":9,"href":"https:\/\/www.escolatrac.com\/es\/wp-json\/wp\/v2\/pages\/4342\/revisions"}],"predecessor-version":[{"id":19787,"href":"https:\/\/www.escolatrac.com\/es\/wp-json\/wp\/v2\/pages\/4342\/revisions\/19787"}],"wp:featuredmedia":[{"embeddable":true,"href":"https:\/\/www.escolatrac.com\/es\/wp-json\/wp\/v2\/media\/2833"}],"wp:attachment":[{"href":"https:\/\/www.escolatrac.com\/es\/wp-json\/wp\/v2\/media?parent=4342"}],"curies":[{"name":"wp","href":"https:\/\/api.w.org\/{rel}","templated":true}]}}