{"id":10687,"date":"2020-10-20T11:55:50","date_gmt":"2020-10-20T09:55:50","guid":{"rendered":"https:\/\/www.escolatrac.com\/?page_id=10687"},"modified":"2020-10-23T11:23:42","modified_gmt":"2020-10-23T09:23:42","slug":"talleres-para-ninos-y-ninas","status":"publish","type":"page","link":"https:\/\/www.escolatrac.com\/es\/talleres-para-ninos-y-ninas\/","title":{"rendered":"TALLERES PARA NI\u00d1OS Y NI\u00d1AS"},"content":{"rendered":"\n<div class=\"wp-block-columns is-layout-flex wp-container-core-columns-is-layout-9d6595d7 wp-block-columns-is-layout-flex\">\n<div class=\"wp-block-column is-layout-flow wp-block-column-is-layout-flow\">\n<p>Ven al Tra\u00e7 o nos desplazamos a tu escuela.<\/p>\n\n\n\n<p>Desde Tra\u00e7 hemos preparado una bater\u00eda de propuestas educativas para trabajar con las escuelas, ofreciendo a las ni\u00f1as y ni\u00f1os un entorno art\u00edstico ideal para crecer y desarrollar su creatividad.<\/p>\n\n\n\n<p><strong>PROPUESTAS DE TALLERES<\/strong><\/p>\n\n\n\n<p><strong>Laboratorio creativo de experimentaci\u00f3n sensorial:<\/strong> cuatro espacios creativos donde experimentar desde los sentidos (visual y t\u00e1ctil) con diferentes disciplinas art\u00edsticas: la pintura en vertical, el barro en formado plancha de grandes dimensiones, construcciones con madera y creaci\u00f3n de espacios tejiendo con cordel de&nbsp;trapillo.<\/p>\n\n\n\n<p><strong>Crea el Cabezudo de la escuela:<\/strong> os acompa\u00f1amos en el proceso creativo y t\u00e9cnico de hacer un&nbsp;cabezudo. (Esta propuesta es m\u00e1s adecuada desarrollarla \u00abin situ\u00bb en vuestra escuela).<\/p>\n\n\n\n<p><strong>Libros t\u00e1ctiles de las emociones: <\/strong>se trata de construir un libro visual y t\u00e1ctil de las emociones. A partir de diferentes materiales se har\u00e1 un trabajo creativo que busca aprender a utilizar el lenguaje que nos aporta cada material para poder hablar de nuestras emociones. Utilizaremos el poder expresivo de los colores, las texturas, la solidez, etc. En funci\u00f3n de la edad de los ni\u00f1os trabajaremos emociones m\u00e1s o menos complejas. De la sesi\u00f3n saldr\u00e1n diferentes libros colectivos que os podr\u00e9is llevar a la biblioteca de vuestra escuela.<\/p>\n\n\n\n<p><strong>ZZZZZZZZZZ&#8230;. Insectos:<\/strong> En este taller, los insectos ser\u00e1n el pretexto para trabajar la creatividad y la psicomotricidad motora fina, aprendiendo a manipular diferentes herramientas y experimentando con diferentes materiales como la madera, el cart\u00f3n, el papel&nbsp;mach\u00e9, etc.<\/p>\n\n\n\n<p><strong>Crea tu laberinto:<\/strong> \u00bfHas construido nunca un laberinto? \u00bfhas usado una sierra? \u00bfhas clavado claves? En este taller creativo los ni\u00f1os dise\u00f1ar\u00e1n su propio laberinto, aprendiendo a utilizar las herramientas adecuadas, acompa\u00f1ados de un profesor\/a que los guiar\u00e1 en el proceso.<\/p>\n\n\n\n<p><strong>Las&nbsp;tradiciones&nbsp;a trav\u00e9s del arte: <\/strong>Re-pensamos nuestras&nbsp;tradiccions&nbsp;y hacemos propuestas art\u00edsticas para trabajarlas en la escuela. La Casta\u00f1ada, la Navidad, Carnestoltes, San Jorge, etc.<\/p>\n\n\n\n<p><strong>Transformamos la escuela:<\/strong> Dise\u00f1o y realizaci\u00f3n de instalaciones art\u00edsticas de gran formato en la escuela.<\/p>\n\n\n\n<p><strong>TALLERES A MEDIDA<\/strong><\/p>\n\n\n\n<p>Pide un taller a medida y nos adaptamos a las necesidades de la la escuela y del grupo.<\/p>\n\n\n\n<p>P<strong>ara m\u00e1s informaci\u00f3n enviad un correo a&nbsp;<a href=\"mailto:marta.mercade@escolatrac.com\">marta.mercade@escolatrac.com<\/a>&nbsp;o llamad al tel\u00e9fon 93 2806323<\/strong>                   <\/p>\n<\/div>\n\n\n\n<div class=\"wp-block-column is-layout-flow wp-block-column-is-layout-flow\">\n<p><\/p>\n\n\n<style>.wp-block-kadence-advancedgallery.kb-gallery-wrap-id-_b62d4d-30{margin-top:-34px;margin-right:-34px;margin-bottom:-34px;margin-left:-34px;}.kb-gallery-id-_b62d4d-30 .kadence-blocks-gallery-item .kb-gal-image-radius, .kb-gallery-id-_b62d4d-30 .kb-slide-item .kb-gal-image-radius img{border-radius:0px 0px 0px 0px;;}.kb-gallery-wrap-id-_b62d4d-30.wp-block-kadence-advancedgallery{overflow:visible;}.kb-gallery-wrap-id-_b62d4d-30.wp-block-kadence-advancedgallery .kt-blocks-carousel{overflow:visible;}<\/style><div class=\"kb-gallery-wrap-id-_b62d4d-30 alignnone wp-block-kadence-advancedgallery\"><div class=\"kb-gallery-ul kb-gallery-non-static kb-gallery-type-slider kb-gallery-id-_b62d4d-30 kb-gallery-caption-style-bottom-hover kb-gallery-filter-none\" data-image-filter=\"none\" data-lightbox-caption=\"true\"><div class=\"kt-blocks-carousel splide kt-carousel-container-dotstyle-dark kt-carousel-arrowstyle-whiteondark kt-carousel-dotstyle-dark kb-slider-group-arrow kb-slider-arrow-position-center\" data-slider-anim-speed=\"400\" data-slider-scroll=\"1\" data-slider-arrows=\"true\" data-slider-fade=\"true\" data-slider-dots=\"true\" data-slider-type=\"slider\" data-slider-hover-pause=\"false\" data-slider-auto=\"1\" data-slider-speed=\"3420\" data-show-pause-button=\"false\"><div class=\"splide__track\"><ul class=\"kt-blocks-carousel-init kb-blocks-slider splide__list\"><li class=\"kb-slide-item kb-gallery-slide-item splide__slide\"><div class=\"kadence-blocks-gallery-item\"><div class=\"kadence-blocks-gallery-item-inner\"><figure class=\"kb-gallery-figure kadence-blocks-gallery-item-hide-caption\"><div class=\"kb-gal-image-radius\"><div class=\"kb-gallery-image-contain kadence-blocks-gallery-intrinsic kb-gallery-image-ratio-land32 kb-has-image-ratio-land32\" ><img decoding=\"async\" src=\"https:\/\/www.escolatrac.com\/wp-content\/uploads\/2020\/10\/web-prova-1024x576.jpg\" width=\"1024\" height=\"576\" alt=\"\" data-full-image=\"https:\/\/www.escolatrac.com\/wp-content\/uploads\/2020\/10\/web-prova-scaled.jpg\" data-light-image=\"https:\/\/www.escolatrac.com\/wp-content\/uploads\/2020\/10\/web-prova-scaled.jpg\" data-id=\"10560\" class=\"wp-image-10560 skip-lazy\" srcset=\"https:\/\/www.escolatrac.com\/wp-content\/uploads\/2020\/10\/web-prova-1024x576.jpg 1024w, https:\/\/www.escolatrac.com\/wp-content\/uploads\/2020\/10\/web-prova-300x168.jpg 300w, https:\/\/www.escolatrac.com\/wp-content\/uploads\/2020\/10\/web-prova-768x432.jpg 768w, https:\/\/www.escolatrac.com\/wp-content\/uploads\/2020\/10\/web-prova-453x255.jpg 453w\" sizes=\"(max-width: 1024px) 100vw, 1024px\" \/><\/div><\/div><\/figure><\/div><\/div><\/li><li class=\"kb-slide-item kb-gallery-slide-item splide__slide\"><div class=\"kadence-blocks-gallery-item\"><div class=\"kadence-blocks-gallery-item-inner\"><figure class=\"kb-gallery-figure kadence-blocks-gallery-item-hide-caption\"><div class=\"kb-gal-image-radius\"><div class=\"kb-gallery-image-contain kadence-blocks-gallery-intrinsic kb-gallery-image-ratio-land32 kb-has-image-ratio-land32\" ><img decoding=\"async\" src=\"https:\/\/www.escolatrac.com\/wp-content\/uploads\/2020\/10\/web80.2-1024x576.jpg\" width=\"1024\" height=\"576\" alt=\"\" data-full-image=\"https:\/\/www.escolatrac.com\/wp-content\/uploads\/2020\/10\/web80.2-scaled.jpg\" data-light-image=\"https:\/\/www.escolatrac.com\/wp-content\/uploads\/2020\/10\/web80.2-scaled.jpg\" data-id=\"10563\" class=\"wp-image-10563 skip-lazy\" srcset=\"https:\/\/www.escolatrac.com\/wp-content\/uploads\/2020\/10\/web80.2-1024x576.jpg 1024w, https:\/\/www.escolatrac.com\/wp-content\/uploads\/2020\/10\/web80.2-300x168.jpg 300w, https:\/\/www.escolatrac.com\/wp-content\/uploads\/2020\/10\/web80.2-768x432.jpg 768w, https:\/\/www.escolatrac.com\/wp-content\/uploads\/2020\/10\/web80.2-453x255.jpg 453w\" sizes=\"(max-width: 1024px) 100vw, 1024px\" \/><\/div><\/div><\/figure><\/div><\/div><\/li><li class=\"kb-slide-item kb-gallery-slide-item splide__slide\"><div class=\"kadence-blocks-gallery-item\"><div class=\"kadence-blocks-gallery-item-inner\"><figure class=\"kb-gallery-figure kadence-blocks-gallery-item-hide-caption\"><div class=\"kb-gal-image-radius\"><div class=\"kb-gallery-image-contain kadence-blocks-gallery-intrinsic kb-gallery-image-ratio-land32 kb-has-image-ratio-land32\" ><img decoding=\"async\" src=\"https:\/\/www.escolatrac.com\/wp-content\/uploads\/2020\/10\/20200303_115456-1-1024x576.jpg\" width=\"1024\" height=\"576\" alt=\"\" data-full-image=\"https:\/\/www.escolatrac.com\/wp-content\/uploads\/2020\/10\/20200303_115456-1.jpg\" data-light-image=\"https:\/\/www.escolatrac.com\/wp-content\/uploads\/2020\/10\/20200303_115456-1.jpg\" data-id=\"10576\" class=\"wp-image-10576 skip-lazy\" srcset=\"https:\/\/www.escolatrac.com\/wp-content\/uploads\/2020\/10\/20200303_115456-1-1024x576.jpg 1024w, https:\/\/www.escolatrac.com\/wp-content\/uploads\/2020\/10\/20200303_115456-1-300x168.jpg 300w, https:\/\/www.escolatrac.com\/wp-content\/uploads\/2020\/10\/20200303_115456-1-768x432.jpg 768w, https:\/\/www.escolatrac.com\/wp-content\/uploads\/2020\/10\/20200303_115456-1-453x255.jpg 453w\" sizes=\"(max-width: 1024px) 100vw, 1024px\" \/><\/div><\/div><\/figure><\/div><\/div><\/li><li class=\"kb-slide-item kb-gallery-slide-item splide__slide\"><div class=\"kadence-blocks-gallery-item\"><div class=\"kadence-blocks-gallery-item-inner\"><figure class=\"kb-gallery-figure kadence-blocks-gallery-item-hide-caption\"><div class=\"kb-gal-image-radius\"><div class=\"kb-gallery-image-contain kadence-blocks-gallery-intrinsic kb-gallery-image-ratio-land32 kb-has-image-ratio-land32\" ><img decoding=\"async\" src=\"https:\/\/www.escolatrac.com\/wp-content\/uploads\/2020\/10\/20200312_113320-1-1024x576.jpg\" width=\"1024\" height=\"576\" alt=\"\" data-full-image=\"https:\/\/www.escolatrac.com\/wp-content\/uploads\/2020\/10\/20200312_113320-1.jpg\" data-light-image=\"https:\/\/www.escolatrac.com\/wp-content\/uploads\/2020\/10\/20200312_113320-1.jpg\" data-id=\"10587\" class=\"wp-image-10587 skip-lazy\" srcset=\"https:\/\/www.escolatrac.com\/wp-content\/uploads\/2020\/10\/20200312_113320-1-1024x576.jpg 1024w, https:\/\/www.escolatrac.com\/wp-content\/uploads\/2020\/10\/20200312_113320-1-300x168.jpg 300w, https:\/\/www.escolatrac.com\/wp-content\/uploads\/2020\/10\/20200312_113320-1-768x432.jpg 768w, https:\/\/www.escolatrac.com\/wp-content\/uploads\/2020\/10\/20200312_113320-1-453x255.jpg 453w\" sizes=\"(max-width: 1024px) 100vw, 1024px\" \/><\/div><\/div><\/figure><\/div><\/div><\/li><li class=\"kb-slide-item kb-gallery-slide-item splide__slide\"><div class=\"kadence-blocks-gallery-item\"><div class=\"kadence-blocks-gallery-item-inner\"><figure class=\"kb-gallery-figure kadence-blocks-gallery-item-hide-caption\"><div class=\"kb-gal-image-radius\"><div class=\"kb-gallery-image-contain kadence-blocks-gallery-intrinsic kb-gallery-image-ratio-land32 kb-has-image-ratio-land32\" ><img decoding=\"async\" src=\"https:\/\/www.escolatrac.com\/wp-content\/uploads\/2020\/10\/red-1-1024x576.jpg\" width=\"1024\" height=\"576\" alt=\"\" data-full-image=\"https:\/\/www.escolatrac.com\/wp-content\/uploads\/2020\/10\/red-1-scaled.jpg\" data-light-image=\"https:\/\/www.escolatrac.com\/wp-content\/uploads\/2020\/10\/red-1-scaled.jpg\" data-id=\"10591\" class=\"wp-image-10591 skip-lazy\" srcset=\"https:\/\/www.escolatrac.com\/wp-content\/uploads\/2020\/10\/red-1-1024x576.jpg 1024w, https:\/\/www.escolatrac.com\/wp-content\/uploads\/2020\/10\/red-1-300x168.jpg 300w, https:\/\/www.escolatrac.com\/wp-content\/uploads\/2020\/10\/red-1-768x432.jpg 768w, https:\/\/www.escolatrac.com\/wp-content\/uploads\/2020\/10\/red-1-453x255.jpg 453w\" sizes=\"(max-width: 1024px) 100vw, 1024px\" \/><\/div><\/div><\/figure><\/div><\/div><\/li><li class=\"kb-slide-item kb-gallery-slide-item splide__slide\"><div class=\"kadence-blocks-gallery-item\"><div class=\"kadence-blocks-gallery-item-inner\"><figure class=\"kb-gallery-figure kadence-blocks-gallery-item-hide-caption\"><div class=\"kb-gal-image-radius\"><div class=\"kb-gallery-image-contain kadence-blocks-gallery-intrinsic kb-gallery-image-ratio-land32 kb-has-image-ratio-land32\" ><img decoding=\"async\" src=\"https:\/\/www.escolatrac.com\/wp-content\/uploads\/2020\/10\/red1-1024x576.jpg\" width=\"1024\" height=\"576\" alt=\"\" data-full-image=\"https:\/\/www.escolatrac.com\/wp-content\/uploads\/2020\/10\/red1-scaled.jpg\" data-light-image=\"https:\/\/www.escolatrac.com\/wp-content\/uploads\/2020\/10\/red1-scaled.jpg\" data-id=\"10594\" class=\"wp-image-10594 skip-lazy\" srcset=\"https:\/\/www.escolatrac.com\/wp-content\/uploads\/2020\/10\/red1-1024x576.jpg 1024w, https:\/\/www.escolatrac.com\/wp-content\/uploads\/2020\/10\/red1-scaled-600x337.jpg 600w, https:\/\/www.escolatrac.com\/wp-content\/uploads\/2020\/10\/red1-300x168.jpg 300w, https:\/\/www.escolatrac.com\/wp-content\/uploads\/2020\/10\/red1-768x432.jpg 768w, https:\/\/www.escolatrac.com\/wp-content\/uploads\/2020\/10\/red1-453x255.jpg 453w, https:\/\/www.escolatrac.com\/wp-content\/uploads\/2020\/10\/red1-1536x863.jpg 1536w, https:\/\/www.escolatrac.com\/wp-content\/uploads\/2020\/10\/red1-2048x1150.jpg 2048w\" sizes=\"(max-width: 1024px) 100vw, 1024px\" \/><\/div><\/div><\/figure><\/div><\/div><\/li><\/ul><\/div><\/div><\/div><\/div><\/div>\n<\/div>\n\n\n\n<p><\/p>\n\n\n\n<p><\/p>\n","protected":false},"excerpt":{"rendered":"<p>Ven al Tra\u00e7 o nos desplazamos a tu escuela. Desde Tra\u00e7 hemos preparado una bater\u00eda de propuestas educativas para trabajar con las escuelas, ofreciendo a las ni\u00f1as y ni\u00f1os un entorno art\u00edstico ideal para crecer y desarrollar su creatividad. PROPUESTAS DE TALLERES Laboratorio creativo de experimentaci\u00f3n sensorial: cuatro espacios creativos donde experimentar desde los sentidos &hellip; <a href=\"https:\/\/www.escolatrac.com\/es\/talleres-para-ninos-y-ninas\/\">Continued<\/a><\/p>\n","protected":false},"author":4,"featured_media":10661,"parent":0,"menu_order":0,"comment_status":"closed","ping_status":"closed","template":"views\/small-container.blade.php","meta":{"_acf_changed":false,"footnotes":""},"class_list":["post-10687","page","type-page","status-publish","has-post-thumbnail","hentry"],"acf":[],"yoast_head":"<!-- This site is optimized with the Yoast SEO plugin v27.3 - https:\/\/yoast.com\/product\/yoast-seo-wordpress\/ -->\n<title>TALLERES PARA NI\u00d1OS Y NI\u00d1AS - Escola Tra\u00e7<\/title>\n<meta name=\"robots\" content=\"index, follow, max-snippet:-1, max-image-preview:large, max-video-preview:-1\" \/>\n<link rel=\"canonical\" href=\"https:\/\/www.escolatrac.com\/es\/talleres-para-ninos-y-ninas\/\" \/>\n<meta property=\"og:locale\" content=\"es_ES\" \/>\n<meta property=\"og:type\" content=\"article\" \/>\n<meta property=\"og:title\" content=\"TALLERES PARA NI\u00d1OS Y NI\u00d1AS - Escola Tra\u00e7\" \/>\n<meta property=\"og:description\" content=\"Ven al Tra\u00e7 o nos desplazamos a tu escuela. Desde Tra\u00e7 hemos preparado una bater\u00eda de propuestas educativas para trabajar con las escuelas, ofreciendo a las ni\u00f1as y ni\u00f1os un entorno art\u00edstico ideal para crecer y desarrollar su creatividad. PROPUESTAS DE TALLERES Laboratorio creativo de experimentaci\u00f3n sensorial: cuatro espacios creativos donde experimentar desde los sentidos &hellip; Continued\" \/>\n<meta property=\"og:url\" content=\"https:\/\/www.escolatrac.com\/es\/talleres-para-ninos-y-ninas\/\" \/>\n<meta property=\"og:site_name\" content=\"Escola Tra\u00e7\" \/>\n<meta property=\"article:modified_time\" content=\"2020-10-23T09:23:42+00:00\" \/>\n<meta property=\"og:image\" content=\"https:\/\/www.escolatrac.com\/wp-content\/uploads\/2020\/10\/cap\u00e7alera-pots-de-pintura-1-scaled.jpg\" \/>\n\t<meta property=\"og:image:width\" content=\"2560\" \/>\n\t<meta property=\"og:image:height\" content=\"869\" \/>\n\t<meta property=\"og:image:type\" content=\"image\/jpeg\" \/>\n<meta name=\"twitter:card\" content=\"summary_large_image\" \/>\n<meta name=\"twitter:label1\" content=\"Tiempo de lectura\" \/>\n\t<meta name=\"twitter:data1\" content=\"2 minutos\" \/>\n<script type=\"application\/ld+json\" class=\"yoast-schema-graph\">{\"@context\":\"https:\\\/\\\/schema.org\",\"@graph\":[{\"@type\":\"WebPage\",\"@id\":\"https:\\\/\\\/www.escolatrac.com\\\/es\\\/talleres-para-ninos-y-ninas\\\/\",\"url\":\"https:\\\/\\\/www.escolatrac.com\\\/es\\\/talleres-para-ninos-y-ninas\\\/\",\"name\":\"TALLERES PARA NI\u00d1OS Y NI\u00d1AS - Escola Tra\u00e7\",\"isPartOf\":{\"@id\":\"https:\\\/\\\/www.escolatrac.com\\\/#website\"},\"primaryImageOfPage\":{\"@id\":\"https:\\\/\\\/www.escolatrac.com\\\/es\\\/talleres-para-ninos-y-ninas\\\/#primaryimage\"},\"image\":{\"@id\":\"https:\\\/\\\/www.escolatrac.com\\\/es\\\/talleres-para-ninos-y-ninas\\\/#primaryimage\"},\"thumbnailUrl\":\"https:\\\/\\\/www.escolatrac.com\\\/wp-content\\\/uploads\\\/2020\\\/10\\\/cap\u00e7alera-pots-de-pintura-1-scaled.jpg\",\"datePublished\":\"2020-10-20T09:55:50+00:00\",\"dateModified\":\"2020-10-23T09:23:42+00:00\",\"breadcrumb\":{\"@id\":\"https:\\\/\\\/www.escolatrac.com\\\/es\\\/talleres-para-ninos-y-ninas\\\/#breadcrumb\"},\"inLanguage\":\"es\",\"potentialAction\":[{\"@type\":\"ReadAction\",\"target\":[\"https:\\\/\\\/www.escolatrac.com\\\/es\\\/talleres-para-ninos-y-ninas\\\/\"]}]},{\"@type\":\"ImageObject\",\"inLanguage\":\"es\",\"@id\":\"https:\\\/\\\/www.escolatrac.com\\\/es\\\/talleres-para-ninos-y-ninas\\\/#primaryimage\",\"url\":\"https:\\\/\\\/www.escolatrac.com\\\/wp-content\\\/uploads\\\/2020\\\/10\\\/cap\u00e7alera-pots-de-pintura-1-scaled.jpg\",\"contentUrl\":\"https:\\\/\\\/www.escolatrac.com\\\/wp-content\\\/uploads\\\/2020\\\/10\\\/cap\u00e7alera-pots-de-pintura-1-scaled.jpg\",\"width\":2560,\"height\":869},{\"@type\":\"BreadcrumbList\",\"@id\":\"https:\\\/\\\/www.escolatrac.com\\\/es\\\/talleres-para-ninos-y-ninas\\\/#breadcrumb\",\"itemListElement\":[{\"@type\":\"ListItem\",\"position\":1,\"name\":\"Inici\",\"item\":\"https:\\\/\\\/www.escolatrac.com\\\/es\\\/\"},{\"@type\":\"ListItem\",\"position\":2,\"name\":\"TALLERES PARA NI\u00d1OS Y NI\u00d1AS\"}]},{\"@type\":\"WebSite\",\"@id\":\"https:\\\/\\\/www.escolatrac.com\\\/#website\",\"url\":\"https:\\\/\\\/www.escolatrac.com\\\/\",\"name\":\"Escola Tra\u00e7\",\"description\":\"\",\"potentialAction\":[{\"@type\":\"SearchAction\",\"target\":{\"@type\":\"EntryPoint\",\"urlTemplate\":\"https:\\\/\\\/www.escolatrac.com\\\/?s={search_term_string}\"},\"query-input\":{\"@type\":\"PropertyValueSpecification\",\"valueRequired\":true,\"valueName\":\"search_term_string\"}}],\"inLanguage\":\"es\"}]}<\/script>\n<!-- \/ Yoast SEO plugin. -->","yoast_head_json":{"title":"TALLERES PARA NI\u00d1OS Y NI\u00d1AS - Escola Tra\u00e7","robots":{"index":"index","follow":"follow","max-snippet":"max-snippet:-1","max-image-preview":"max-image-preview:large","max-video-preview":"max-video-preview:-1"},"canonical":"https:\/\/www.escolatrac.com\/es\/talleres-para-ninos-y-ninas\/","og_locale":"es_ES","og_type":"article","og_title":"TALLERES PARA NI\u00d1OS Y NI\u00d1AS - Escola Tra\u00e7","og_description":"Ven al Tra\u00e7 o nos desplazamos a tu escuela. Desde Tra\u00e7 hemos preparado una bater\u00eda de propuestas educativas para trabajar con las escuelas, ofreciendo a las ni\u00f1as y ni\u00f1os un entorno art\u00edstico ideal para crecer y desarrollar su creatividad. PROPUESTAS DE TALLERES Laboratorio creativo de experimentaci\u00f3n sensorial: cuatro espacios creativos donde experimentar desde los sentidos &hellip; Continued","og_url":"https:\/\/www.escolatrac.com\/es\/talleres-para-ninos-y-ninas\/","og_site_name":"Escola Tra\u00e7","article_modified_time":"2020-10-23T09:23:42+00:00","og_image":[{"width":2560,"height":869,"url":"https:\/\/www.escolatrac.com\/wp-content\/uploads\/2020\/10\/cap\u00e7alera-pots-de-pintura-1-scaled.jpg","type":"image\/jpeg"}],"twitter_card":"summary_large_image","twitter_misc":{"Tiempo de lectura":"2 minutos"},"schema":{"@context":"https:\/\/schema.org","@graph":[{"@type":"WebPage","@id":"https:\/\/www.escolatrac.com\/es\/talleres-para-ninos-y-ninas\/","url":"https:\/\/www.escolatrac.com\/es\/talleres-para-ninos-y-ninas\/","name":"TALLERES PARA NI\u00d1OS Y NI\u00d1AS - Escola Tra\u00e7","isPartOf":{"@id":"https:\/\/www.escolatrac.com\/#website"},"primaryImageOfPage":{"@id":"https:\/\/www.escolatrac.com\/es\/talleres-para-ninos-y-ninas\/#primaryimage"},"image":{"@id":"https:\/\/www.escolatrac.com\/es\/talleres-para-ninos-y-ninas\/#primaryimage"},"thumbnailUrl":"https:\/\/www.escolatrac.com\/wp-content\/uploads\/2020\/10\/cap\u00e7alera-pots-de-pintura-1-scaled.jpg","datePublished":"2020-10-20T09:55:50+00:00","dateModified":"2020-10-23T09:23:42+00:00","breadcrumb":{"@id":"https:\/\/www.escolatrac.com\/es\/talleres-para-ninos-y-ninas\/#breadcrumb"},"inLanguage":"es","potentialAction":[{"@type":"ReadAction","target":["https:\/\/www.escolatrac.com\/es\/talleres-para-ninos-y-ninas\/"]}]},{"@type":"ImageObject","inLanguage":"es","@id":"https:\/\/www.escolatrac.com\/es\/talleres-para-ninos-y-ninas\/#primaryimage","url":"https:\/\/www.escolatrac.com\/wp-content\/uploads\/2020\/10\/cap\u00e7alera-pots-de-pintura-1-scaled.jpg","contentUrl":"https:\/\/www.escolatrac.com\/wp-content\/uploads\/2020\/10\/cap\u00e7alera-pots-de-pintura-1-scaled.jpg","width":2560,"height":869},{"@type":"BreadcrumbList","@id":"https:\/\/www.escolatrac.com\/es\/talleres-para-ninos-y-ninas\/#breadcrumb","itemListElement":[{"@type":"ListItem","position":1,"name":"Inici","item":"https:\/\/www.escolatrac.com\/es\/"},{"@type":"ListItem","position":2,"name":"TALLERES PARA NI\u00d1OS Y NI\u00d1AS"}]},{"@type":"WebSite","@id":"https:\/\/www.escolatrac.com\/#website","url":"https:\/\/www.escolatrac.com\/","name":"Escola Tra\u00e7","description":"","potentialAction":[{"@type":"SearchAction","target":{"@type":"EntryPoint","urlTemplate":"https:\/\/www.escolatrac.com\/?s={search_term_string}"},"query-input":{"@type":"PropertyValueSpecification","valueRequired":true,"valueName":"search_term_string"}}],"inLanguage":"es"}]}},"_links":{"self":[{"href":"https:\/\/www.escolatrac.com\/es\/wp-json\/wp\/v2\/pages\/10687","targetHints":{"allow":["GET"]}}],"collection":[{"href":"https:\/\/www.escolatrac.com\/es\/wp-json\/wp\/v2\/pages"}],"about":[{"href":"https:\/\/www.escolatrac.com\/es\/wp-json\/wp\/v2\/types\/page"}],"author":[{"embeddable":true,"href":"https:\/\/www.escolatrac.com\/es\/wp-json\/wp\/v2\/users\/4"}],"replies":[{"embeddable":true,"href":"https:\/\/www.escolatrac.com\/es\/wp-json\/wp\/v2\/comments?post=10687"}],"version-history":[{"count":5,"href":"https:\/\/www.escolatrac.com\/es\/wp-json\/wp\/v2\/pages\/10687\/revisions"}],"predecessor-version":[{"id":10710,"href":"https:\/\/www.escolatrac.com\/es\/wp-json\/wp\/v2\/pages\/10687\/revisions\/10710"}],"wp:featuredmedia":[{"embeddable":true,"href":"https:\/\/www.escolatrac.com\/es\/wp-json\/wp\/v2\/media\/10661"}],"wp:attachment":[{"href":"https:\/\/www.escolatrac.com\/es\/wp-json\/wp\/v2\/media?parent=10687"}],"curies":[{"name":"wp","href":"https:\/\/api.w.org\/{rel}","templated":true}]}}