{"id":4920,"date":"2019-04-11T07:51:13","date_gmt":"2019-04-11T07:51:13","guid":{"rendered":"http:\/\/www.escolatrac.com\/?page_id=4920"},"modified":"2019-04-11T07:51:15","modified_gmt":"2019-04-11T07:51:15","slug":"privacy-policy-and-data-protection","status":"publish","type":"page","link":"https:\/\/www.escolatrac.com\/en\/privacy-policy-and-data-protection\/","title":{"rendered":"Privacy policy and data protection"},"content":{"rendered":"\n<p>Seg\u00fan lo establecido en el RGPD (Reglamento (UE) 2016\/679), les proporcionamos la Informaci\u00f3n Detallada de Protecci\u00f3n de Datos que se expone a continuaci\u00f3n:&nbsp;<\/p>\n\n\n\n<p><strong>RESPONSABLE DE LOS DATOS PERSONALES<\/strong><\/p>\n\n\n\n<p>Tra\u00e7 Centre d\u2019Expressi\u00f3 Pl\u00e0stica , titular del sitio web&nbsp;www.escolatrac.com&nbsp;(en adelante la \u201cTitular\u201d), con C.I.F n\u00famero B59812685, con domicilio a estos efectos en calle Paletes, 3, 08034 Barcelona, y con correo electr\u00f3nico&nbsp;<a href=\"mailto:trac@escolatrac.com\">trac@escolatrac.com<\/a> y con tel\u00e9fono 932806323<\/p>\n\n\n\n<p><strong>FINALIDAD Y TRATAMIENTO DE LOS DATOS<\/strong><\/p>\n\n\n\n<p>Le informamos que los Datos de Car\u00e1cter Personal recogidos, ser\u00e1n incorporados a un Fichero bajo nuestra responsabilidad, con la finalidad de gestionar el env\u00edo de la informaci\u00f3n que nos soliciten y facilitar a los interesados ofertas de productos y servicios de su inter\u00e9s. Los datos proporcionados se conservar\u00e1n mientras se mantenga la relaci\u00f3n comercial, durante los a\u00f1os necesarios para cumplir con las obligaciones legales o se solicite su supresi\u00f3n por el interesado.<\/p>\n\n\n\n<p>Si el Usuario es menor de 16 a\u00f1os, ya cumplidos, deber\u00e1 tener la autorizaci\u00f3n de sus padres o tutores legales para entregar sus datos personales. La Titular no tiene manera de comprobar efectivamente la edad de los usuarios, por lo que queda eximida de cualquier responsabilidad, si el Usuario no cumple con lo aqu\u00ed indicado.<\/p>\n\n\n\n<p>La Titular en todo momento velar\u00e1 que el uso que se le da al sitio web, a los contenidos, y al tratamiento de los datos personales del Usuario se realicen de la forma m\u00e1s correcta. Para ello, el Usuario siempre podr\u00e1 ejercer sus derechos de acceso, rectificaci\u00f3n, cancelaci\u00f3n, portabilidad, olvido u oposici\u00f3n, todo ello en fiel cumplimiento de las directrices de las leyes espa\u00f1olas y europeas, escribiendo al correo electr\u00f3nico trac@escolatrac.com.<\/p>\n\n\n\n<p>En ning\u00fan momento la Titular compartir\u00e1 con terceros los datos que posee. En caso de e hacerlo enviar la newsletter, cumplir con exigencias legales o para la administraci\u00f3n del sitio web, se proporcionar\u00e1n los debidos acuerdos de confidencialidad entre las partes.<\/p>\n\n\n\n<p>Los enlaces a terceros que se puedan encontrar en el sitio web poseen pol\u00edticas de privacidad ajenas al Titular. El acceso a estos sitios deber\u00e1 ser responsabilidad del Usuario, siendo su responsabilidad conocerlas y su decisi\u00f3n aceptarlas o no.<\/p>\n\n\n\n<p><strong>LEGITIMACI\u00d3N<\/strong><\/p>\n\n\n\n<p>Los Datos de Car\u00e1cter Personal obtenidos en esta P\u00e1gina Web, as\u00ed como la oferta de productos y servicios ofrecidos, &nbsp;est\u00e1 basada en el consentimiento que se le solicita al interesado.<\/p>\n\n\n\n<p>El interesado tendr\u00e1 derecho a retirar su consentimiento en cualquier momento. La retirada del consentimiento no afectar\u00e1 a la licitud del tratamiento basada en el consentimiento previo a su retirada.<\/p>\n\n\n\n<p><strong>FORMULARIOS<\/strong><\/p>\n\n\n\n<p>El sitio web dispone de 2&nbsp;tipos de formularios:<\/p>\n\n\n\n<ul class=\"wp-block-list\"><li><strong>De contacto:&nbsp;<\/strong>el usuario, comprador o participante podr\u00e1 encontrar formularios que facilitar\u00e1n la comunicaci\u00f3n con la Titular para plantear dudas, comentarios, solicitar un presupuesto, reservar alguno de los servicios ofrecidos en el sitio web o exigir alg\u00fan derecho que tenga. No suministrar los datos personales m\u00ednimos necesarios imposibilitar\u00e1 a la Titular responder a la petici\u00f3n. Este tratamiento se considerar\u00e1 leg\u00edtimo por ser parte de una diligencia pre-contractual.<\/li><li><strong>De publicidad:&nbsp;<\/strong>se solicitar\u00e1 a los usuarios, compradores o participantes su consentimiento expreso y voluntario para entregar a la Titular los m\u00ednimos datos necesarios para enviar publicidad e informaci\u00f3n comercial relacionada con los servicios y\/o productos ofrecidos por la Titular, para que se agreguen a un fichero automatizado de&nbsp;<em>email marketing<\/em><\/li><\/ul>\n\n\n\n<p><strong>ENCARGADOS DEL TRATAMIENTO<\/strong><\/p>\n\n\n\n<p>La Titular necesita el apoyo de terceros para poder ofrecer adecuadamente sus servicios y productos, con los cuales ha celebrado los debidos acuerdos de confidencialidad y ha verificado que cumplen con las normativas espa\u00f1olas sobre protecci\u00f3n de datos personales.<\/p>\n\n\n\n<p>Los datos suministrados a estos terceros no podr\u00e1n ser utilizados para otros fines no autorizados por el usuario.<\/p>\n\n\n\n<p>En cumplimiento de los principios de informaci\u00f3n y transparencia, se hace saber que estos terceros son:<\/p>\n\n\n\n<ul class=\"wp-block-list\"><li>Mailchimp: para automatizar los boletines de informaci\u00f3n comercial y enviar al correo electr\u00f3nico del Usuario publicidad de los productos y\/o servicios ofrecidos en el sitio web. Servicio a cargo de la empresa The Rocket Science Group LLC d\/b\/a Mail Chimp, a State of Georgia Limited liability company (Estados Unidos).&nbsp;Puede ver m\u00e1s informaci\u00f3n sobre su pol\u00edtica de privacidad aqu\u00ed&nbsp;<a href=\"https:\/\/mailchimp.com\/legal\/privacy\/\">https:\/\/mailchimp.com\/legal\/privacy\/<\/a><\/li><\/ul>\n\n\n\n<p>.<\/p>\n\n\n\n<p><strong>DERECHOS<\/strong><\/p>\n\n\n\n<p>Usted como interesado directo, tiene derecho a obtener confirmaci\u00f3n sobre si en Tra\u00e7 Centre d&#8217;Expressi\u00f3 Pl\u00e0stica estamos tratando datos personales que le conciernen, o no. Usted tiene derecho a acceder a sus datos personales, as\u00ed como a solicitar la rectificaci\u00f3n de los datos inexactos o, en su caso, solicitar su supresi\u00f3n cuando, entre otros motivos, los datos ya no sean necesarios para los fines que fueron recogidos.<\/p>\n\n\n\n<p>En determinadas circunstancias, usted podr\u00e1 solicitar la limitaci\u00f3n del tratamiento de sus datos, en cuyo caso \u00fanicamente los conservaremos para el ejercicio o la defensa de reclamaciones.<\/p>\n\n\n\n<p>En determinadas circunstancias y por motivos relacionados con su situaci\u00f3n particular, usted podr\u00e1 oponerse al tratamiento de sus datos. Tra\u00e7 Centre d&#8217;Expressi\u00f3 Pl\u00e0stica dejar\u00e1 de tratar los datos, salvo por motivos leg\u00edtimos imperiosos, o el ejercicio o la defensa de posibles reclamaciones.<\/p>\n\n\n\n<p>En determinadas circunstancias, usted tendr\u00e1 derecho a recibir los datos personales que le incumban y que nos haya facilitado, y transmitirlos o solicitar que se los proporcionemos a un tercero sin objeci\u00f3n por nuestra parte (derecho a la portabilidad de datos).<\/p>\n\n\n\n<p>En determinadas circunstancias, le informamos que tendr\u00e1 derecho a no ser objeto de un decisi\u00f3n basada \u00fanicamente en el tratamiento automatizado, incluida la elaboraci\u00f3n de perfiles, que produzca efectos jur\u00eddicos sobre usted o le afecte significativamente de modo similar.<\/p>\n\n\n\n<p><strong>POL\u00cdTICAS RELACIONADAS CON LA NEWSLETTER<\/strong><\/p>\n\n\n\n<p>Estas pol\u00edticas se entender\u00e1n en todo momento como parte complementaria de los t\u00e9rminos y condiciones expuestos en el sitio web, siendo ambos de igual aplicaci\u00f3n al momento de una controversia. La pol\u00edtica de privacidad y de propiedad intelectual aplicada ser\u00e1 la misma que se expone en los t\u00e9rminos y condiciones del sitio web.<\/p>\n\n\n\n<p>Se entender\u00e1 como \u201cnewsletter\u201d el bolet\u00edn digital que la Titular realiza de forma peri\u00f3dica y que hace llegar a sus suscriptores a trav\u00e9s de un proveedor de servicios de correo electr\u00f3nico externo, al cual el usuario se ha suscrito de manera voluntaria.<\/p>\n\n\n\n<p>La Titular no est\u00e1 en la obligaci\u00f3n de enviar en per\u00edodos de tiempo definidos la newsletter, por lo que es totalmente libre de hacerlo cuando lo estime conveniente. El usuario podr\u00e1 en todo momento ejercer sus derechos de acceso, rectificaci\u00f3n, cancelaci\u00f3n u oposici\u00f3n siguiendo las instrucciones que encontrar\u00e1 en el pie de p\u00e1gina de la newsletter.<\/p>\n\n\n\n<p>El usuario no deber\u00e1 compartir su contenido con terceros, ya que esto violar\u00eda los derechos de autor de la Titular. El \u00fanico canal de distribuci\u00f3n posible es el administrado y\/o autorizado por la Titular.<\/p>\n\n\n\n<p>La Titular no se har\u00e1 responsable del contenido de terceros expuesto en la newsletter, cualquier controversia que surja deber\u00e1 ser tratada directamente con la persona o empresa de la cual se hace menci\u00f3n.<\/p>\n\n\n\n<p>Todo el material que se expone en la newsletter est\u00e1 protegido por derechos de autor a favor de la Titular, y en el caso de pertenecer a terceros, se entender\u00e1 que la Titular tiene la debida autorizaci\u00f3n para utilizarlo como se haya convenido con el autor.<\/p>\n\n\n\n<p>&nbsp;<strong>DURACI\u00d3N DEL TRATAMIENTO<\/strong><\/p>\n\n\n\n<p>En el caso de los datos personales suministrados para boletines comerciales electr\u00f3nicos, ser\u00e1 por el tiempo que el Usuario desee permanecer en la lista de suscripci\u00f3n, por lo que podr\u00e1 darse de baja en el momento que as\u00ed lo desee, de forma autom\u00e1tica como se indica en cada bolet\u00edn, o escribiendo a trac@escolatrac.com<\/p>\n\n\n<style>.wp-block-kadence-spacer.kt-block-spacer-_f87e0f-42 .kt-block-spacer{height:100px;}.wp-block-kadence-spacer.kt-block-spacer-_f87e0f-42 .kt-divider{border-top-width:1px;height:1px;border-top-color:#eee;width:80%;border-top-style:solid;}<\/style>\n<div class=\"wp-block-kadence-spacer aligncenter kt-block-spacer-_f87e0f-42\"><div class=\"kt-block-spacer kt-block-spacer-halign-center\" style=\"height:100px\"><hr class=\"kt-divider\" style=\"border-top-color:rgba(238, 238, 238, 1);border-top-width:1px;width:80%;border-top-style:solid\"\/><\/div><\/div>\n","protected":false},"excerpt":{"rendered":"<p>Seg\u00fan lo establecido en el RGPD (Reglamento (UE) 2016\/679), les proporcionamos la Informaci\u00f3n Detallada de Protecci\u00f3n de Datos que se expone a continuaci\u00f3n:&nbsp; RESPONSABLE DE LOS DATOS PERSONALES Tra\u00e7 Centre d\u2019Expressi\u00f3 Pl\u00e0stica , titular del sitio web&nbsp;www.escolatrac.com&nbsp;(en adelante la \u201cTitular\u201d), con C.I.F n\u00famero B59812685, con domicilio a estos efectos en calle Paletes, 3, 08034 Barcelona, &hellip; <a href=\"https:\/\/www.escolatrac.com\/en\/privacy-policy-and-data-protection\/\">Continued<\/a><\/p>\n","protected":false},"author":2,"featured_media":0,"parent":0,"menu_order":0,"comment_status":"closed","ping_status":"closed","template":"views\/small-container.blade.php","meta":{"_acf_changed":false,"footnotes":""},"class_list":["post-4920","page","type-page","status-publish","hentry"],"acf":[],"yoast_head":"<!-- This site is optimized with the Yoast SEO plugin v27.2 - https:\/\/yoast.com\/product\/yoast-seo-wordpress\/ -->\n<title>Privacy policy and data protection - Escola Tra\u00e7<\/title>\n<meta name=\"robots\" content=\"index, follow, max-snippet:-1, max-image-preview:large, max-video-preview:-1\" \/>\n<link rel=\"canonical\" href=\"https:\/\/www.escolatrac.com\/politica-de-privacidad\/\" \/>\n<meta property=\"og:locale\" content=\"en_US\" \/>\n<meta property=\"og:type\" content=\"article\" \/>\n<meta property=\"og:title\" content=\"Privacy policy and data protection - Escola Tra\u00e7\" \/>\n<meta property=\"og:description\" content=\"Seg\u00fan lo establecido en el RGPD (Reglamento (UE) 2016\/679), les proporcionamos la Informaci\u00f3n Detallada de Protecci\u00f3n de Datos que se expone a continuaci\u00f3n:&nbsp; RESPONSABLE DE LOS DATOS PERSONALES Tra\u00e7 Centre d\u2019Expressi\u00f3 Pl\u00e0stica , titular del sitio web&nbsp;www.escolatrac.com&nbsp;(en adelante la \u201cTitular\u201d), con C.I.F n\u00famero B59812685, con domicilio a estos efectos en calle Paletes, 3, 08034 Barcelona, &hellip; Continued\" \/>\n<meta property=\"og:url\" content=\"https:\/\/www.escolatrac.com\/politica-de-privacidad\/\" \/>\n<meta property=\"og:site_name\" content=\"Escola Tra\u00e7\" \/>\n<meta property=\"article:modified_time\" content=\"2019-04-11T07:51:15+00:00\" \/>\n<meta name=\"twitter:card\" content=\"summary_large_image\" \/>\n<meta name=\"twitter:label1\" content=\"Est. reading time\" \/>\n\t<meta name=\"twitter:data1\" content=\"7 minutes\" \/>\n<script type=\"application\/ld+json\" class=\"yoast-schema-graph\">{\"@context\":\"https:\/\/schema.org\",\"@graph\":[{\"@type\":\"WebPage\",\"@id\":\"https:\/\/www.escolatrac.com\/politica-de-privacidad\/\",\"url\":\"https:\/\/www.escolatrac.com\/politica-de-privacidad\/\",\"name\":\"Privacy policy and data protection - Escola Tra\u00e7\",\"isPartOf\":{\"@id\":\"https:\/\/www.escolatrac.com\/#website\"},\"datePublished\":\"2019-04-11T07:51:13+00:00\",\"dateModified\":\"2019-04-11T07:51:15+00:00\",\"breadcrumb\":{\"@id\":\"https:\/\/www.escolatrac.com\/politica-de-privacidad\/#breadcrumb\"},\"inLanguage\":\"en-US\",\"potentialAction\":[{\"@type\":\"ReadAction\",\"target\":[\"https:\/\/www.escolatrac.com\/politica-de-privacidad\/\"]}]},{\"@type\":\"BreadcrumbList\",\"@id\":\"https:\/\/www.escolatrac.com\/politica-de-privacidad\/#breadcrumb\",\"itemListElement\":[{\"@type\":\"ListItem\",\"position\":1,\"name\":\"Inici\",\"item\":\"https:\/\/www.escolatrac.com\/en\/\"},{\"@type\":\"ListItem\",\"position\":2,\"name\":\"Privacy policy and data protection\"}]},{\"@type\":\"WebSite\",\"@id\":\"https:\/\/www.escolatrac.com\/#website\",\"url\":\"https:\/\/www.escolatrac.com\/\",\"name\":\"Escola Tra\u00e7\",\"description\":\"\",\"potentialAction\":[{\"@type\":\"SearchAction\",\"target\":{\"@type\":\"EntryPoint\",\"urlTemplate\":\"https:\/\/www.escolatrac.com\/?s={search_term_string}\"},\"query-input\":{\"@type\":\"PropertyValueSpecification\",\"valueRequired\":true,\"valueName\":\"search_term_string\"}}],\"inLanguage\":\"en-US\"}]}<\/script>\n<!-- \/ Yoast SEO plugin. -->","yoast_head_json":{"title":"Privacy policy and data protection - Escola Tra\u00e7","robots":{"index":"index","follow":"follow","max-snippet":"max-snippet:-1","max-image-preview":"max-image-preview:large","max-video-preview":"max-video-preview:-1"},"canonical":"https:\/\/www.escolatrac.com\/politica-de-privacidad\/","og_locale":"en_US","og_type":"article","og_title":"Privacy policy and data protection - Escola Tra\u00e7","og_description":"Seg\u00fan lo establecido en el RGPD (Reglamento (UE) 2016\/679), les proporcionamos la Informaci\u00f3n Detallada de Protecci\u00f3n de Datos que se expone a continuaci\u00f3n:&nbsp; RESPONSABLE DE LOS DATOS PERSONALES Tra\u00e7 Centre d\u2019Expressi\u00f3 Pl\u00e0stica , titular del sitio web&nbsp;www.escolatrac.com&nbsp;(en adelante la \u201cTitular\u201d), con C.I.F n\u00famero B59812685, con domicilio a estos efectos en calle Paletes, 3, 08034 Barcelona, &hellip; Continued","og_url":"https:\/\/www.escolatrac.com\/politica-de-privacidad\/","og_site_name":"Escola Tra\u00e7","article_modified_time":"2019-04-11T07:51:15+00:00","twitter_card":"summary_large_image","twitter_misc":{"Est. reading time":"7 minutes"},"schema":{"@context":"https:\/\/schema.org","@graph":[{"@type":"WebPage","@id":"https:\/\/www.escolatrac.com\/politica-de-privacidad\/","url":"https:\/\/www.escolatrac.com\/politica-de-privacidad\/","name":"Privacy policy and data protection - Escola Tra\u00e7","isPartOf":{"@id":"https:\/\/www.escolatrac.com\/#website"},"datePublished":"2019-04-11T07:51:13+00:00","dateModified":"2019-04-11T07:51:15+00:00","breadcrumb":{"@id":"https:\/\/www.escolatrac.com\/politica-de-privacidad\/#breadcrumb"},"inLanguage":"en-US","potentialAction":[{"@type":"ReadAction","target":["https:\/\/www.escolatrac.com\/politica-de-privacidad\/"]}]},{"@type":"BreadcrumbList","@id":"https:\/\/www.escolatrac.com\/politica-de-privacidad\/#breadcrumb","itemListElement":[{"@type":"ListItem","position":1,"name":"Inici","item":"https:\/\/www.escolatrac.com\/en\/"},{"@type":"ListItem","position":2,"name":"Privacy policy and data protection"}]},{"@type":"WebSite","@id":"https:\/\/www.escolatrac.com\/#website","url":"https:\/\/www.escolatrac.com\/","name":"Escola Tra\u00e7","description":"","potentialAction":[{"@type":"SearchAction","target":{"@type":"EntryPoint","urlTemplate":"https:\/\/www.escolatrac.com\/?s={search_term_string}"},"query-input":{"@type":"PropertyValueSpecification","valueRequired":true,"valueName":"search_term_string"}}],"inLanguage":"en-US"}]}},"_links":{"self":[{"href":"https:\/\/www.escolatrac.com\/en\/wp-json\/wp\/v2\/pages\/4920","targetHints":{"allow":["GET"]}}],"collection":[{"href":"https:\/\/www.escolatrac.com\/en\/wp-json\/wp\/v2\/pages"}],"about":[{"href":"https:\/\/www.escolatrac.com\/en\/wp-json\/wp\/v2\/types\/page"}],"author":[{"embeddable":true,"href":"https:\/\/www.escolatrac.com\/en\/wp-json\/wp\/v2\/users\/2"}],"replies":[{"embeddable":true,"href":"https:\/\/www.escolatrac.com\/en\/wp-json\/wp\/v2\/comments?post=4920"}],"version-history":[{"count":1,"href":"https:\/\/www.escolatrac.com\/en\/wp-json\/wp\/v2\/pages\/4920\/revisions"}],"predecessor-version":[{"id":4921,"href":"https:\/\/www.escolatrac.com\/en\/wp-json\/wp\/v2\/pages\/4920\/revisions\/4921"}],"wp:attachment":[{"href":"https:\/\/www.escolatrac.com\/en\/wp-json\/wp\/v2\/media?parent=4920"}],"curies":[{"name":"wp","href":"https:\/\/api.w.org\/{rel}","templated":true}]}}