{"id":4918,"date":"2019-04-11T07:50:07","date_gmt":"2019-04-11T07:50:07","guid":{"rendered":"http:\/\/www.escolatrac.com\/?page_id=4918"},"modified":"2019-04-11T07:50:07","modified_gmt":"2019-04-11T07:50:07","slug":"cookies-policy","status":"publish","type":"page","link":"https:\/\/www.escolatrac.com\/en\/cookies-policy\/","title":{"rendered":"Cookies policy"},"content":{"rendered":"\n<p>De conformidad con lo establecido en la Ley 34\/2002 de Servicios de la Sociedad de la Informaci\u00f3n, se pone en conocimiento del Usuario que el sitio web&nbsp;<a href=\"http:\/\/www.escolatrac.com\">www.escolatrac.com<\/a> propiedad de Tra\u00e7 Centre d\u2019Expressi\u00f3 Pl\u00e0stica Sl&nbsp; (en adelante \u201cPrestador\u201d) utiliza cookies. Las cookies son peque\u00f1os archivos de texto que el sitio web que el usuario visita almacena en su ordenador o dispositivo.<\/p>\n\n\n\n<p>Navegar por el sitio web implica la aceptaci\u00f3n a la instalaci\u00f3n de los siguientes tipos de cookies:<\/p>\n\n\n\n<p><strong>Cookies de an\u00e1lisis:<\/strong> son aquellas que, tratadas por Prestador o por terceros, permiten cuantificar el n\u00famero de visitantes y analizar estad\u00edsticamente la utilizaci\u00f3n que hacen los usuarios del portal web.<\/p>\n\n\n\n<p><strong>Cookies de personalizaci\u00f3n<\/strong>: son las cookies que, tratadas por el Prestador o por terceros, conservan las preferencias del Usuario para que no tenga que reconfigurarlos cada vez que el usuario visita nuestra Web.<\/p>\n\n\n\n<p><strong>Otras cookies de terceros<\/strong>: el sitio web puede contener cookies de terceros orientadas a ofrecer un mejor servicio que estos terceros ofrecen. Un ejemplo de este uso son los enlaces a las redes sociales que permiten compartir el contenido del sitio web.<\/p>\n\n\n\n<p>En el caso que el Usuario quiera modificar la configuraci\u00f3n de cookies de su navegador, puede hacerlo mediante la configuraci\u00f3n de las opciones del mismo. El Usuario podr\u00e1 encontrar informaci\u00f3n sobre c\u00f3mo modificar las pol\u00edticas de cookies de los distintos navegadores en los siguientes espacios:<\/p>\n\n\n\n<p>Si utiliza Microsoft Internet Explorer, en la opci\u00f3n de men\u00fa Ver, seleccionando Opciones de Internet y accediendo a Opciones Avanzadas.<\/p>\n\n\n\n<p>Si utiliza Netscape, en la opci\u00f3n de men\u00fa Edici\u00f3n, seleccionando Preferencias, y accediendo a la categor\u00eda Avanzadas.<\/p>\n\n\n\n<p>Si utiliza Firefox, para Mac en la opci\u00f3n de men\u00fa Preferencias, seleccionando Privacidad, accediendo al apartado Mostrar Cookies, y para Windows en la opci\u00f3n de men\u00fa Herramientas, seleccionando Opciones, accediendo a Privacidad y luego en Mostrar Cookies.<\/p>\n\n\n\n<p>Si utiliza Safari, en la opci\u00f3n de men\u00fa Safari, seleccionando Privacidad, accediendo al apartado Seguridad y luego en Mostrar Cookies.<\/p>\n\n\n\n<p>Si utiliza Google Chrome, en la opci\u00f3n de men\u00fa Herramientas, seleccionando Opciones (Preferencias en Mac), accediendo a Avanzadas y luego en la opci\u00f3n Configuraci\u00f3n Contenido de la secci\u00f3n Privacidad, y finalmente marcando Cookies en el di\u00e1logo Configuraci\u00f3n de contenido.<\/p>\n\n\n\n<p>En el caso de que tenga alguna duda sobre la pol\u00edtica de cookies del sitio web, el Usuario puede dirigirse a: trac@escolatrac.com<\/p>\n\n\n<style>.wp-block-kadence-spacer.kt-block-spacer-_0ce32c-a5 .kt-block-spacer{height:100px;}.wp-block-kadence-spacer.kt-block-spacer-_0ce32c-a5 .kt-divider{border-top-width:1px;height:1px;border-top-color:#eee;width:80%;border-top-style:solid;}<\/style>\n<div class=\"wp-block-kadence-spacer aligncenter kt-block-spacer-_0ce32c-a5\"><div class=\"kt-block-spacer kt-block-spacer-halign-center\" style=\"height:100px\"><hr class=\"kt-divider\" style=\"border-top-color:rgba(238, 238, 238, 1);border-top-width:1px;width:80%;border-top-style:solid\"\/><\/div><\/div>\n","protected":false},"excerpt":{"rendered":"<p>De conformidad con lo establecido en la Ley 34\/2002 de Servicios de la Sociedad de la Informaci\u00f3n, se pone en conocimiento del Usuario que el sitio web&nbsp;www.escolatrac.com propiedad de Tra\u00e7 Centre d\u2019Expressi\u00f3 Pl\u00e0stica Sl&nbsp; (en adelante \u201cPrestador\u201d) utiliza cookies. Las cookies son peque\u00f1os archivos de texto que el sitio web que el usuario visita almacena &hellip; <a href=\"https:\/\/www.escolatrac.com\/en\/cookies-policy\/\">Continued<\/a><\/p>\n","protected":false},"author":2,"featured_media":0,"parent":0,"menu_order":0,"comment_status":"closed","ping_status":"closed","template":"views\/small-container.blade.php","meta":{"_acf_changed":false,"footnotes":""},"class_list":["post-4918","page","type-page","status-publish","hentry"],"acf":[],"yoast_head":"<!-- This site is optimized with the Yoast SEO plugin v27.3 - https:\/\/yoast.com\/product\/yoast-seo-wordpress\/ -->\n<title>Cookies policy - Escola Tra\u00e7<\/title>\n<meta name=\"robots\" content=\"index, follow, max-snippet:-1, max-image-preview:large, max-video-preview:-1\" \/>\n<link rel=\"canonical\" href=\"https:\/\/www.escolatrac.com\/politica-de-cookies\/\" \/>\n<meta property=\"og:locale\" content=\"en_US\" \/>\n<meta property=\"og:type\" content=\"article\" \/>\n<meta property=\"og:title\" content=\"Cookies policy - Escola Tra\u00e7\" \/>\n<meta property=\"og:description\" content=\"De conformidad con lo establecido en la Ley 34\/2002 de Servicios de la Sociedad de la Informaci\u00f3n, se pone en conocimiento del Usuario que el sitio web&nbsp;www.escolatrac.com propiedad de Tra\u00e7 Centre d\u2019Expressi\u00f3 Pl\u00e0stica Sl&nbsp; (en adelante \u201cPrestador\u201d) utiliza cookies. Las cookies son peque\u00f1os archivos de texto que el sitio web que el usuario visita almacena &hellip; Continued\" \/>\n<meta property=\"og:url\" content=\"https:\/\/www.escolatrac.com\/politica-de-cookies\/\" \/>\n<meta property=\"og:site_name\" content=\"Escola Tra\u00e7\" \/>\n<meta name=\"twitter:card\" content=\"summary_large_image\" \/>\n<meta name=\"twitter:label1\" content=\"Est. reading time\" \/>\n\t<meta name=\"twitter:data1\" content=\"2 minutes\" \/>\n<script type=\"application\/ld+json\" class=\"yoast-schema-graph\">{\"@context\":\"https:\\\/\\\/schema.org\",\"@graph\":[{\"@type\":\"WebPage\",\"@id\":\"https:\\\/\\\/www.escolatrac.com\\\/politica-de-cookies\\\/\",\"url\":\"https:\\\/\\\/www.escolatrac.com\\\/politica-de-cookies\\\/\",\"name\":\"Cookies policy - Escola Tra\u00e7\",\"isPartOf\":{\"@id\":\"https:\\\/\\\/www.escolatrac.com\\\/#website\"},\"datePublished\":\"2019-04-11T07:50:07+00:00\",\"breadcrumb\":{\"@id\":\"https:\\\/\\\/www.escolatrac.com\\\/politica-de-cookies\\\/#breadcrumb\"},\"inLanguage\":\"en-US\",\"potentialAction\":[{\"@type\":\"ReadAction\",\"target\":[\"https:\\\/\\\/www.escolatrac.com\\\/politica-de-cookies\\\/\"]}]},{\"@type\":\"BreadcrumbList\",\"@id\":\"https:\\\/\\\/www.escolatrac.com\\\/politica-de-cookies\\\/#breadcrumb\",\"itemListElement\":[{\"@type\":\"ListItem\",\"position\":1,\"name\":\"Inici\",\"item\":\"https:\\\/\\\/www.escolatrac.com\\\/en\\\/\"},{\"@type\":\"ListItem\",\"position\":2,\"name\":\"Cookies policy\"}]},{\"@type\":\"WebSite\",\"@id\":\"https:\\\/\\\/www.escolatrac.com\\\/#website\",\"url\":\"https:\\\/\\\/www.escolatrac.com\\\/\",\"name\":\"Escola Tra\u00e7\",\"description\":\"\",\"potentialAction\":[{\"@type\":\"SearchAction\",\"target\":{\"@type\":\"EntryPoint\",\"urlTemplate\":\"https:\\\/\\\/www.escolatrac.com\\\/?s={search_term_string}\"},\"query-input\":{\"@type\":\"PropertyValueSpecification\",\"valueRequired\":true,\"valueName\":\"search_term_string\"}}],\"inLanguage\":\"en-US\"}]}<\/script>\n<!-- \/ Yoast SEO plugin. -->","yoast_head_json":{"title":"Cookies policy - Escola Tra\u00e7","robots":{"index":"index","follow":"follow","max-snippet":"max-snippet:-1","max-image-preview":"max-image-preview:large","max-video-preview":"max-video-preview:-1"},"canonical":"https:\/\/www.escolatrac.com\/politica-de-cookies\/","og_locale":"en_US","og_type":"article","og_title":"Cookies policy - Escola Tra\u00e7","og_description":"De conformidad con lo establecido en la Ley 34\/2002 de Servicios de la Sociedad de la Informaci\u00f3n, se pone en conocimiento del Usuario que el sitio web&nbsp;www.escolatrac.com propiedad de Tra\u00e7 Centre d\u2019Expressi\u00f3 Pl\u00e0stica Sl&nbsp; (en adelante \u201cPrestador\u201d) utiliza cookies. Las cookies son peque\u00f1os archivos de texto que el sitio web que el usuario visita almacena &hellip; Continued","og_url":"https:\/\/www.escolatrac.com\/politica-de-cookies\/","og_site_name":"Escola Tra\u00e7","twitter_card":"summary_large_image","twitter_misc":{"Est. reading time":"2 minutes"},"schema":{"@context":"https:\/\/schema.org","@graph":[{"@type":"WebPage","@id":"https:\/\/www.escolatrac.com\/politica-de-cookies\/","url":"https:\/\/www.escolatrac.com\/politica-de-cookies\/","name":"Cookies policy - Escola Tra\u00e7","isPartOf":{"@id":"https:\/\/www.escolatrac.com\/#website"},"datePublished":"2019-04-11T07:50:07+00:00","breadcrumb":{"@id":"https:\/\/www.escolatrac.com\/politica-de-cookies\/#breadcrumb"},"inLanguage":"en-US","potentialAction":[{"@type":"ReadAction","target":["https:\/\/www.escolatrac.com\/politica-de-cookies\/"]}]},{"@type":"BreadcrumbList","@id":"https:\/\/www.escolatrac.com\/politica-de-cookies\/#breadcrumb","itemListElement":[{"@type":"ListItem","position":1,"name":"Inici","item":"https:\/\/www.escolatrac.com\/en\/"},{"@type":"ListItem","position":2,"name":"Cookies policy"}]},{"@type":"WebSite","@id":"https:\/\/www.escolatrac.com\/#website","url":"https:\/\/www.escolatrac.com\/","name":"Escola Tra\u00e7","description":"","potentialAction":[{"@type":"SearchAction","target":{"@type":"EntryPoint","urlTemplate":"https:\/\/www.escolatrac.com\/?s={search_term_string}"},"query-input":{"@type":"PropertyValueSpecification","valueRequired":true,"valueName":"search_term_string"}}],"inLanguage":"en-US"}]}},"_links":{"self":[{"href":"https:\/\/www.escolatrac.com\/en\/wp-json\/wp\/v2\/pages\/4918","targetHints":{"allow":["GET"]}}],"collection":[{"href":"https:\/\/www.escolatrac.com\/en\/wp-json\/wp\/v2\/pages"}],"about":[{"href":"https:\/\/www.escolatrac.com\/en\/wp-json\/wp\/v2\/types\/page"}],"author":[{"embeddable":true,"href":"https:\/\/www.escolatrac.com\/en\/wp-json\/wp\/v2\/users\/2"}],"replies":[{"embeddable":true,"href":"https:\/\/www.escolatrac.com\/en\/wp-json\/wp\/v2\/comments?post=4918"}],"version-history":[{"count":1,"href":"https:\/\/www.escolatrac.com\/en\/wp-json\/wp\/v2\/pages\/4918\/revisions"}],"predecessor-version":[{"id":4919,"href":"https:\/\/www.escolatrac.com\/en\/wp-json\/wp\/v2\/pages\/4918\/revisions\/4919"}],"wp:attachment":[{"href":"https:\/\/www.escolatrac.com\/en\/wp-json\/wp\/v2\/media?parent=4918"}],"curies":[{"name":"wp","href":"https:\/\/api.w.org\/{rel}","templated":true}]}}