{"id":4849,"date":"2019-04-03T15:18:39","date_gmt":"2019-04-03T15:18:39","guid":{"rendered":"http:\/\/www.escolatrac.com\/premi-tat-vila\/bases-del-premi-tat-vila\/"},"modified":"2026-03-10T14:33:04","modified_gmt":"2026-03-10T13:33:04","slug":"bases-tat-vila-painting-prize-2019","status":"publish","type":"page","link":"https:\/\/www.escolatrac.com\/en\/tat-vila-award\/bases-tat-vila-painting-prize-2019\/","title":{"rendered":"TAT VIL\u00c0 PAINTING PRIZE 2026"},"content":{"rendered":"\n<p><strong>GENERAL PARTICIPATION BASES<\/strong><\/p>\n\n\n\n<p><strong>WHO CAN PARTICIPATE:<\/strong> All artists over 18 years old.<\/p>\n\n\n\n<p><strong>THEME:<\/strong> Free.<\/p>\n\n\n\n<p><strong>TECHNIQUE<\/strong>: All types of paintings are accepted for this competition.<\/p>\n\n\n\n<p><strong>DIMENSIONS AND TECHNICAL SPECIFICATIONS:<\/strong> The sum of two sides of the painting, without the frame, must not exceed 240cm, nor be less than 140cm. In the event that the work is submitted with a frame, it cannot exceed one centimetre of width. Under no circumstances, will glass-framed works will be accepted.<\/p>\n\n\n\n<p><strong>SHIPPING: <\/strong>Before submitting any painting, participants must register on the web page from June 1 to 30, 2025 complete an entry form and provide, among other things, the following information:<\/p>\n\n\n\n<p>\u00b7 Technical specifications of the painting<\/p>\n\n\n\n<p>\u00b7 Brief descriptive report<\/p>\n\n\n\n<p>\u00b7 Artist&#8217;s resume<\/p>\n\n\n\n<p>\u00b7 TIFF or JPEG images of the painting with a resolution of 300 ppd and a maximum size of 10 MB<\/p>\n\n\n\n<p>\u00b7 Justifying posting transfer with registration rate: 10\u20ac<\/p>\n\n\n\n<p><br>The Registration Rate for Participation is 10\u20ac, to be paid by bank transfer to the <strong>ES56 2100 0808 1102 0084 3302 <\/strong>bank account.<\/p>\n\n\n\n<p>It will be necessary to write down the name and the surname in te concept.<br>Inscriptions without the transfer  will not be considered and it will be necessary to attach the payment justify to the site enabled for this purpose.<\/p>\n\n\n\n<p><\/p>\n\n\n\n<p>For any questions about the submission process, please contact: <a href=\"http:\/\/For any questions about the submission process, please contact: premipinturatatvila@escolatrac.com\">premipinturatatvila@escolatrac.com<\/a><\/p>\n\n\n\n<p><strong>SELECTION OF THE FINALISTS<\/strong>: A selection made by the jury among all entries will be exhibited at Tra\u00e7 from <strong>September 21 to October 19 , 2026<\/strong>, from which they&#8217;ll pick a winner.<\/p>\n\n\n\n<p><strong>DELIVERY AND SHIPMENT:<\/strong> Tra\u00e7 will contact finalists via email during the month of July.   The selected paintings must then be submitted to:<\/p>\n\n\n\n<p><em>Where<\/em>: Tra\u00e7. Centre d\u2019Expressi\u00f3 Pl\u00e0stica, carrer Paletes 3, Barcelona<\/p>\n\n\n\n<p><em>When<\/em>: Between September 14 th and 18th, 2026<\/p>\n\n\n\n<p><em>Reception hours:<\/em> Monday thru Friday from 9 am to 1 pm, and from 4 pm to 8 pm<\/p>\n\n\n\n<p>It is essential that all entries are original and have not been submitted to other contests before. <br>All care will be taken with entries but no responsibility can be accepted for loss or damage in transit, incoming or outgoing, while on the competition premises or during the exhibition. Originals selected and submitted for final exhibition must be fully insured by the artist.<\/p>\n\n\n\n<p><strong>RIGHTS AND OBLIGATIONS<\/strong>: Entries not awarded or not purchased must be picked up from Tra\u00e7 between October 13 and 31, 2026 from Monday to Friday from 9 am to 1 pm, and from 4 pm to 8 pm.<\/p>\n\n\n\n<p>Entries not collected on these dates will be bequeathed to Tra\u00e7 unencumbered. Tra\u00e7 is free to add them to its own collection.<br>Entries not complying with the conditions set forth or not submitted within the established dates will not be accepted. <br>Submission of an entry in this competition automatically constitutes acceptance of all the competition rules and conformity with the decision of the jury.<\/p>\n\n\n\n<p>AWARDS: Winning entry will receive \u20ac 2,000 and will become the property of Tra\u00e7 and can be exhibited freely in Tra\u00e7\u2019s facilities.<br><\/p>\n\n\n\n<p>The winner of the Tat Vil\u00e0 Painting Prize will hold an exhibition at the Centre Pere Pruna within a maximum period of one year from the date of the award ceremony.<br>At any time, the jury may declare the prize void. The amount of the prize is subject to withholding tax established by current legislation. <br>The winner allows Tra\u00e7 use all rights of the winning entry for communication, publication and reproduction purposes in all known or unknown media and formats. <br> The award ceremony will be held on <strong>Saturday, October 3th at the opening of the exhibition.<\/strong><\/p>\n\n\n\n<p>JURY: \/ MERC\u00c8 FIGUERAS, Founder of Tra\u00e7 Centre d\u2019Expressi\u00f3 Pl\u00e0stica \/ GEMMA MORAT\u00d3, Directora Tra\u00e7 Centre d&#8217;Expressi\u00f3 Pl\u00e0stica \/ MIQUEL PLANAS, Artist and Professor of Sculpture of the School of Fine Arts of Barcelona \/ MAR\u00c7 RABAL Artist and winner of the Tat Vil\u00e0 Painting Price 2018<\/p>\n","protected":false},"excerpt":{"rendered":"<p>GENERAL PARTICIPATION BASES WHO CAN PARTICIPATE: All artists over 18 years old. THEME: Free. TECHNIQUE: All types of paintings are accepted for this competition. DIMENSIONS AND TECHNICAL SPECIFICATIONS: The sum of two sides of the painting, without the frame, must not exceed 240cm, nor be less than 140cm. In the event that the work is &hellip; <a href=\"https:\/\/www.escolatrac.com\/en\/tat-vila-award\/bases-tat-vila-painting-prize-2019\/\">Continued<\/a><\/p>\n","protected":false},"author":2,"featured_media":4881,"parent":8449,"menu_order":0,"comment_status":"closed","ping_status":"closed","template":"views\/small-container.blade.php","meta":{"_acf_changed":false,"footnotes":""},"class_list":["post-4849","page","type-page","status-publish","has-post-thumbnail","hentry"],"acf":[],"yoast_head":"<!-- This site is optimized with the Yoast SEO plugin v27.3 - https:\/\/yoast.com\/product\/yoast-seo-wordpress\/ -->\n<title>TAT VIL\u00c0 PAINTING PRIZE 2026 - Escola Tra\u00e7<\/title>\n<meta name=\"robots\" content=\"index, follow, max-snippet:-1, max-image-preview:large, max-video-preview:-1\" \/>\n<link rel=\"canonical\" href=\"https:\/\/www.escolatrac.com\/en\/tat-vila-award\/bases-tat-vila-painting-prize-2019\/\" \/>\n<meta property=\"og:locale\" content=\"en_US\" \/>\n<meta property=\"og:type\" content=\"article\" \/>\n<meta property=\"og:title\" content=\"TAT VIL\u00c0 PAINTING PRIZE 2026 - Escola Tra\u00e7\" \/>\n<meta property=\"og:description\" content=\"GENERAL PARTICIPATION BASES WHO CAN PARTICIPATE: All artists over 18 years old. THEME: Free. TECHNIQUE: All types of paintings are accepted for this competition. DIMENSIONS AND TECHNICAL SPECIFICATIONS: The sum of two sides of the painting, without the frame, must not exceed 240cm, nor be less than 140cm. In the event that the work is &hellip; Continued\" \/>\n<meta property=\"og:url\" content=\"https:\/\/www.escolatrac.com\/en\/tat-vila-award\/bases-tat-vila-painting-prize-2019\/\" \/>\n<meta property=\"og:site_name\" content=\"Escola Tra\u00e7\" \/>\n<meta property=\"article:modified_time\" content=\"2026-03-10T13:33:04+00:00\" \/>\n<meta property=\"og:image\" content=\"https:\/\/www.escolatrac.com\/wp-content\/uploads\/2019\/04\/Tat-cap\u00e7alera.jpeg\" \/>\n\t<meta property=\"og:image:width\" content=\"1600\" \/>\n\t<meta property=\"og:image:height\" content=\"1005\" \/>\n\t<meta property=\"og:image:type\" content=\"image\/jpeg\" \/>\n<meta name=\"twitter:card\" content=\"summary_large_image\" \/>\n<meta name=\"twitter:label1\" content=\"Est. reading time\" \/>\n\t<meta name=\"twitter:data1\" content=\"4 minutes\" \/>\n<script type=\"application\/ld+json\" class=\"yoast-schema-graph\">{\"@context\":\"https:\\\/\\\/schema.org\",\"@graph\":[{\"@type\":\"WebPage\",\"@id\":\"https:\\\/\\\/www.escolatrac.com\\\/en\\\/tat-vila-award\\\/bases-tat-vila-painting-prize-2019\\\/\",\"url\":\"https:\\\/\\\/www.escolatrac.com\\\/en\\\/tat-vila-award\\\/bases-tat-vila-painting-prize-2019\\\/\",\"name\":\"TAT VIL\u00c0 PAINTING PRIZE 2026 - Escola Tra\u00e7\",\"isPartOf\":{\"@id\":\"https:\\\/\\\/www.escolatrac.com\\\/#website\"},\"primaryImageOfPage\":{\"@id\":\"https:\\\/\\\/www.escolatrac.com\\\/en\\\/tat-vila-award\\\/bases-tat-vila-painting-prize-2019\\\/#primaryimage\"},\"image\":{\"@id\":\"https:\\\/\\\/www.escolatrac.com\\\/en\\\/tat-vila-award\\\/bases-tat-vila-painting-prize-2019\\\/#primaryimage\"},\"thumbnailUrl\":\"https:\\\/\\\/www.escolatrac.com\\\/wp-content\\\/uploads\\\/2019\\\/04\\\/Tat-cap\u00e7alera.jpeg\",\"datePublished\":\"2019-04-03T15:18:39+00:00\",\"dateModified\":\"2026-03-10T13:33:04+00:00\",\"breadcrumb\":{\"@id\":\"https:\\\/\\\/www.escolatrac.com\\\/en\\\/tat-vila-award\\\/bases-tat-vila-painting-prize-2019\\\/#breadcrumb\"},\"inLanguage\":\"en-US\",\"potentialAction\":[{\"@type\":\"ReadAction\",\"target\":[\"https:\\\/\\\/www.escolatrac.com\\\/en\\\/tat-vila-award\\\/bases-tat-vila-painting-prize-2019\\\/\"]}]},{\"@type\":\"ImageObject\",\"inLanguage\":\"en-US\",\"@id\":\"https:\\\/\\\/www.escolatrac.com\\\/en\\\/tat-vila-award\\\/bases-tat-vila-painting-prize-2019\\\/#primaryimage\",\"url\":\"https:\\\/\\\/www.escolatrac.com\\\/wp-content\\\/uploads\\\/2019\\\/04\\\/Tat-cap\u00e7alera.jpeg\",\"contentUrl\":\"https:\\\/\\\/www.escolatrac.com\\\/wp-content\\\/uploads\\\/2019\\\/04\\\/Tat-cap\u00e7alera.jpeg\",\"width\":1600,\"height\":1005},{\"@type\":\"BreadcrumbList\",\"@id\":\"https:\\\/\\\/www.escolatrac.com\\\/en\\\/tat-vila-award\\\/bases-tat-vila-painting-prize-2019\\\/#breadcrumb\",\"itemListElement\":[{\"@type\":\"ListItem\",\"position\":1,\"name\":\"Inici\",\"item\":\"https:\\\/\\\/www.escolatrac.com\\\/en\\\/\"},{\"@type\":\"ListItem\",\"position\":2,\"name\":\"Tat Vil\u00e0 Award\",\"item\":\"https:\\\/\\\/www.escolatrac.com\\\/en\\\/tat-vila-award\\\/\"},{\"@type\":\"ListItem\",\"position\":3,\"name\":\"TAT VIL\u00c0 PAINTING PRIZE 2026\"}]},{\"@type\":\"WebSite\",\"@id\":\"https:\\\/\\\/www.escolatrac.com\\\/#website\",\"url\":\"https:\\\/\\\/www.escolatrac.com\\\/\",\"name\":\"Escola Tra\u00e7\",\"description\":\"\",\"potentialAction\":[{\"@type\":\"SearchAction\",\"target\":{\"@type\":\"EntryPoint\",\"urlTemplate\":\"https:\\\/\\\/www.escolatrac.com\\\/?s={search_term_string}\"},\"query-input\":{\"@type\":\"PropertyValueSpecification\",\"valueRequired\":true,\"valueName\":\"search_term_string\"}}],\"inLanguage\":\"en-US\"}]}<\/script>\n<!-- \/ Yoast SEO plugin. -->","yoast_head_json":{"title":"TAT VIL\u00c0 PAINTING PRIZE 2026 - Escola Tra\u00e7","robots":{"index":"index","follow":"follow","max-snippet":"max-snippet:-1","max-image-preview":"max-image-preview:large","max-video-preview":"max-video-preview:-1"},"canonical":"https:\/\/www.escolatrac.com\/en\/tat-vila-award\/bases-tat-vila-painting-prize-2019\/","og_locale":"en_US","og_type":"article","og_title":"TAT VIL\u00c0 PAINTING PRIZE 2026 - Escola Tra\u00e7","og_description":"GENERAL PARTICIPATION BASES WHO CAN PARTICIPATE: All artists over 18 years old. THEME: Free. TECHNIQUE: All types of paintings are accepted for this competition. DIMENSIONS AND TECHNICAL SPECIFICATIONS: The sum of two sides of the painting, without the frame, must not exceed 240cm, nor be less than 140cm. In the event that the work is &hellip; Continued","og_url":"https:\/\/www.escolatrac.com\/en\/tat-vila-award\/bases-tat-vila-painting-prize-2019\/","og_site_name":"Escola Tra\u00e7","article_modified_time":"2026-03-10T13:33:04+00:00","og_image":[{"width":1600,"height":1005,"url":"https:\/\/www.escolatrac.com\/wp-content\/uploads\/2019\/04\/Tat-cap\u00e7alera.jpeg","type":"image\/jpeg"}],"twitter_card":"summary_large_image","twitter_misc":{"Est. reading time":"4 minutes"},"schema":{"@context":"https:\/\/schema.org","@graph":[{"@type":"WebPage","@id":"https:\/\/www.escolatrac.com\/en\/tat-vila-award\/bases-tat-vila-painting-prize-2019\/","url":"https:\/\/www.escolatrac.com\/en\/tat-vila-award\/bases-tat-vila-painting-prize-2019\/","name":"TAT VIL\u00c0 PAINTING PRIZE 2026 - Escola Tra\u00e7","isPartOf":{"@id":"https:\/\/www.escolatrac.com\/#website"},"primaryImageOfPage":{"@id":"https:\/\/www.escolatrac.com\/en\/tat-vila-award\/bases-tat-vila-painting-prize-2019\/#primaryimage"},"image":{"@id":"https:\/\/www.escolatrac.com\/en\/tat-vila-award\/bases-tat-vila-painting-prize-2019\/#primaryimage"},"thumbnailUrl":"https:\/\/www.escolatrac.com\/wp-content\/uploads\/2019\/04\/Tat-cap\u00e7alera.jpeg","datePublished":"2019-04-03T15:18:39+00:00","dateModified":"2026-03-10T13:33:04+00:00","breadcrumb":{"@id":"https:\/\/www.escolatrac.com\/en\/tat-vila-award\/bases-tat-vila-painting-prize-2019\/#breadcrumb"},"inLanguage":"en-US","potentialAction":[{"@type":"ReadAction","target":["https:\/\/www.escolatrac.com\/en\/tat-vila-award\/bases-tat-vila-painting-prize-2019\/"]}]},{"@type":"ImageObject","inLanguage":"en-US","@id":"https:\/\/www.escolatrac.com\/en\/tat-vila-award\/bases-tat-vila-painting-prize-2019\/#primaryimage","url":"https:\/\/www.escolatrac.com\/wp-content\/uploads\/2019\/04\/Tat-cap\u00e7alera.jpeg","contentUrl":"https:\/\/www.escolatrac.com\/wp-content\/uploads\/2019\/04\/Tat-cap\u00e7alera.jpeg","width":1600,"height":1005},{"@type":"BreadcrumbList","@id":"https:\/\/www.escolatrac.com\/en\/tat-vila-award\/bases-tat-vila-painting-prize-2019\/#breadcrumb","itemListElement":[{"@type":"ListItem","position":1,"name":"Inici","item":"https:\/\/www.escolatrac.com\/en\/"},{"@type":"ListItem","position":2,"name":"Tat Vil\u00e0 Award","item":"https:\/\/www.escolatrac.com\/en\/tat-vila-award\/"},{"@type":"ListItem","position":3,"name":"TAT VIL\u00c0 PAINTING PRIZE 2026"}]},{"@type":"WebSite","@id":"https:\/\/www.escolatrac.com\/#website","url":"https:\/\/www.escolatrac.com\/","name":"Escola Tra\u00e7","description":"","potentialAction":[{"@type":"SearchAction","target":{"@type":"EntryPoint","urlTemplate":"https:\/\/www.escolatrac.com\/?s={search_term_string}"},"query-input":{"@type":"PropertyValueSpecification","valueRequired":true,"valueName":"search_term_string"}}],"inLanguage":"en-US"}]}},"_links":{"self":[{"href":"https:\/\/www.escolatrac.com\/en\/wp-json\/wp\/v2\/pages\/4849","targetHints":{"allow":["GET"]}}],"collection":[{"href":"https:\/\/www.escolatrac.com\/en\/wp-json\/wp\/v2\/pages"}],"about":[{"href":"https:\/\/www.escolatrac.com\/en\/wp-json\/wp\/v2\/types\/page"}],"author":[{"embeddable":true,"href":"https:\/\/www.escolatrac.com\/en\/wp-json\/wp\/v2\/users\/2"}],"replies":[{"embeddable":true,"href":"https:\/\/www.escolatrac.com\/en\/wp-json\/wp\/v2\/comments?post=4849"}],"version-history":[{"count":14,"href":"https:\/\/www.escolatrac.com\/en\/wp-json\/wp\/v2\/pages\/4849\/revisions"}],"predecessor-version":[{"id":39112,"href":"https:\/\/www.escolatrac.com\/en\/wp-json\/wp\/v2\/pages\/4849\/revisions\/39112"}],"up":[{"embeddable":true,"href":"https:\/\/www.escolatrac.com\/en\/wp-json\/wp\/v2\/pages\/8449"}],"wp:featuredmedia":[{"embeddable":true,"href":"https:\/\/www.escolatrac.com\/en\/wp-json\/wp\/v2\/media\/4881"}],"wp:attachment":[{"href":"https:\/\/www.escolatrac.com\/en\/wp-json\/wp\/v2\/media?parent=4849"}],"curies":[{"name":"wp","href":"https:\/\/api.w.org\/{rel}","templated":true}]}}